{"id":940,"date":"2025-10-20T15:59:34","date_gmt":"2025-10-20T13:59:34","guid":{"rendered":"https:\/\/www.fallerfinance.com\/faq\/meine-haustiere-in-deutschland\/"},"modified":"2025-11-03T16:50:52","modified_gmt":"2025-11-03T15:50:52","slug":"meine-haustiere-in-deutschland","status":"publish","type":"page","link":"https:\/\/www.fallerfinance.com\/de\/faq\/meine-haustiere-in-deutschland\/","title":{"rendered":"Meine Haustiere in Deutschland"},"content":{"rendered":"<p>[et_pb_section fb_built=&#8220;1&#8243; _builder_version=&#8220;4.27.4&#8243; _module_preset=&#8220;default&#8220; background_color=&#8220;#DBC078&#8243; use_background_color_gradient=&#8220;on&#8220; background_color_gradient_stops=&#8220;rgba(0,0,0,0.4) 0%|rgba(0,0,0,0.4) 100%&#8220; background_color_gradient_overlays_image=&#8220;on&#8220; background_image=&#8220;https:\/\/www.fallerfinance.com\/wp-content\/uploads\/2025\/08\/faller-finances-background-equipe.webp&#8220; parallax=&#8220;on&#8220; custom_padding=&#8220;100px|20px|80px|20px|false|true&#8220; global_colors_info=&#8220;{}&#8220; theme_builder_area=&#8220;post_content&#8220;][et_pb_row _builder_version=&#8220;4.27.4&#8243; _module_preset=&#8220;default&#8220; global_colors_info=&#8220;{}&#8220; theme_builder_area=&#8220;post_content&#8220;][et_pb_column type=&#8220;4_4&#8243; _builder_version=&#8220;4.27.4&#8243; _module_preset=&#8220;default&#8220; global_colors_info=&#8220;{}&#8220; theme_builder_area=&#8220;post_content&#8220;][et_pb_post_title meta=&#8220;off&#8220; featured_image=&#8220;off&#8220; _builder_version=&#8220;4.27.4&#8243; _module_preset=&#8220;default&#8220; title_text_color=&#8220;#FFFFFF&#8220; title_font_size=&#8220;40px&#8220; background_color=&#8220;RGBA(255,255,255,0)&#8220; text_orientation=&#8220;center&#8220; custom_margin=&#8220;||0px||false|false&#8220; global_colors_info=&#8220;{}&#8220; theme_builder_area=&#8220;post_content&#8220;][\/et_pb_post_title][dsm_breadcrumbs home_text=&#8220; &#8220; home_icon=&#8220;&#xe074;||divi||400&#8243; align=&#8220;center&#8220; _builder_version=&#8220;4.27.4&#8243; _module_preset=&#8220;default&#8220; items_text_color=&#8220;#DBC078&#8243; home_icon_text_color=&#8220;#DBC078&#8243; separators_text_color=&#8220;#DBC078&#8243; current_text_color=&#8220;#FFFFFF&#8220; custom_margin=&#8220;0px||||false|false&#8220; global_colors_info=&#8220;{}&#8220; theme_builder_area=&#8220;post_content&#8220;][\/dsm_breadcrumbs][\/et_pb_column][\/et_pb_row][\/et_pb_section][et_pb_section fb_built=&#8220;1&#8243; custom_padding_last_edited=&#8220;on|phone&#8220; _builder_version=&#8220;4.27.4&#8243; _module_preset=&#8220;default&#8220; background_color=&#8220;#15171C&#8220; custom_padding=&#8220;100px|20px|0px|20px|false|true&#8220; custom_padding_tablet=&#8220;70px||||false|true&#8220; custom_padding_phone=&#8220;50px||||false|true&#8220; global_colors_info=&#8220;{}&#8220; theme_builder_area=&#8220;post_content&#8220;][et_pb_row _builder_version=&#8220;4.27.4&#8243; _module_preset=&#8220;default&#8220; max_width=&#8220;800px&#8220; max_width_tablet=&#8220;100%&#8220; max_width_phone=&#8220;100%&#8220; max_width_last_edited=&#8220;on|desktop&#8220; global_colors_info=&#8220;{}&#8220; theme_builder_area=&#8220;post_content&#8220;][et_pb_column type=&#8220;4_4&#8243; _builder_version=&#8220;4.27.4&#8243; _module_preset=&#8220;default&#8220; global_colors_info=&#8220;{}&#8220; theme_builder_area=&#8220;post_content&#8220;][et_pb_text _builder_version=&#8220;4.27.4&#8243; _module_preset=&#8220;default&#8220; header_2_text_color=&#8220;#DBC078&#8243; header_2_font_size=&#8220;24px&#8220; hover_enabled=&#8220;0&#8243; global_colors_info=&#8220;{}&#8220; theme_builder_area=&#8220;post_content&#8220; sticky_enabled=&#8220;0&#8243;]<\/p>\n<h2>Darf ich mein Haustier mit nach Deutschland nehmen?<\/h2>\n<p><\/p>\n<p>Ja. Hunde, Katzen und Frettchen sind erlaubt, sofern sie identifiziert (Mikrochip), gegen Tollwut geimpft und mit einem EU-Heimtierausweis ausgestattet sind.<\/p>\n<p><\/p>\n<p style=\"margin-bottom:40px;\">\n<h2>Muss man seinen Hund in Deutschland anmelden?<\/h2>\n<p><\/p>\n<p>Ja. In Deutschland muss jeder Hund innerhalb von 2 bis 4 Wochen nach Ankunft beim Rathaus (Hundesteuer) angemeldet werden.<\/p>\n<p><\/p>\n<p style=\"margin-bottom:40px;\">Du erh\u00e4ltst eine offizielle Hundemarke, die am Halsband zu befestigen ist.<\/p>\n<h2>Was ist die Hundesteuer?<\/h2>\n<p><\/p>\n<p>Das ist eine kommunale Pflichtsteuer f\u00fcr jeden Hund.<\/p>\n<p><\/p>\n<p>Die H\u00f6he variiert je nach Gemeinde: im Durchschnitt zwischen 50 \u20ac und 200 \u20ac pro Jahr (f\u00fcr einen zweiten Hund meist h\u00f6her).<\/p>\n<p><\/p>\n<p style=\"margin-bottom:40px;\">Assistenzhunde k\u00f6nnen von der Steuer befreit werden.<\/p>\n<h2>Gibt es eine Versicherungspflicht f\u00fcr Tiere?<\/h2>\n<p><\/p>\n<p>F\u00fcr Hunde ist die Hundehaftpflichtversicherung in den meisten Bundesl\u00e4ndern Pflicht.<\/p>\n<p><\/p>\n<p>Sie deckt Sch\u00e4den ab, die Dritten zugef\u00fcgt werden (Unf\u00e4lle, Bisse, besch\u00e4digte Gegenst\u00e4nde \u2026).<\/p>\n<p><\/p>\n<p style=\"margin-bottom:40px;\">F\u00fcr Katzen oder andere Tiere ist sie freiwillig, aber sehr empfehlenswert.<\/p>\n<h2>Welche weiteren Tierversicherungen gibt es in Deutschland?<\/h2>\n<p><\/p>\n<ul>\n<li>Haftpflicht: gesetzlich vorgeschriebene Haftpflichtversicherung f\u00fcr Hunde.<\/li>\n<li>Tierkrankenversicherung: Krankenversicherung f\u00fcr Tiere (Tierarztkosten, Operationen, Klinikaufenthalte).<\/li>\n<li>OP-Versicherung: Deckt nur chirurgische Eingriffe ab, daf\u00fcr g\u00fcnstiger.<\/li>\n<\/ul>\n<p><\/p>\n<p style=\"margin-bottom:40px;\">\ud83d\udc49 Faller Finance hilft dir, den passenden Versicherungsschutz f\u00fcr dein Budget und dein Tier zu finden.<\/p>\n<h2>Wie hoch sind die Tierarztkosten in Deutschland?<\/h2>\n<p><\/p>\n<p>Die Preise sind h\u00f6her als in Frankreich:<\/p>\n<p><\/p>\n<ul>\n<li>Untersuchung: 30 \u2013 60 \u20ac<\/li>\n<li>Impfung: 40 \u2013 90 \u20ac<\/li>\n<li>Kastration: 150 \u2013 400 \u20ac<\/li>\n<li>Operation: mehrere Hundert Euro<\/li>\n<\/ul>\n<p><\/p>\n<p style=\"margin-bottom:40px;\">Eine Tierkrankenversicherung hilft, diese Kosten \u00fcber das Jahr zu verteilen.<\/p>\n<h2>Kann ich tierbezogene Ausgaben von der Steuer absetzen?<\/h2>\n<p><\/p>\n<p>Tierarztkosten sind nicht steuerlich absetzbar.<\/p>\n<p><\/p>\n<p style=\"margin-bottom:40px;\">Einige Ausgaben f\u00fcr die Betreuung zu Hause (z.\u202fB. Tiersitter, Dogwalker) k\u00f6nnen jedoch abgesetzt werden, wenn sie mit einer deutschen Rechnung mit ausgewiesener Mehrwertsteuer belegt sind.<\/p>\n<h2>Was tun, wenn mein Tier einen Unfall verursacht?<\/h2>\n<p><\/p>\n<p>Kontaktiere sofort deine Haftpflichtversicherung.<\/p>\n<p><\/p>\n<p style=\"margin-bottom:40px;\">Bei Verletzungen oder Sachsch\u00e4den \u00fcbernimmt sie die Kosten. Ohne Versicherung haftest du pers\u00f6nlich \u2013 auch bei unbeabsichtigten Vorf\u00e4llen.<\/p>\n<h2>Sind Haustiere in allen Mietwohnungen erlaubt?<\/h2>\n<p><\/p>\n<p>Nicht immer. Der Vermieter kann bestimmte Tiere verbieten (gro\u00dfe Hunde, mehrere Katzen \u2026).<\/p>\n<p><\/p>\n<p style=\"margin-bottom:40px;\">Es ist ratsam, deinen Mietvertrag (Mietvertrag) vor der Anschaffung zu pr\u00fcfen.<\/p>\n<h2>Wie kann Faller Finance mir helfen?<\/h2>\n<p><\/p>\n<p>Faller Finance unterst\u00fctzt Expats bei folgenden Themen:<\/p>\n<p><\/p>\n<ul>\n<li>Auswahl einer Kranken- und Haftpflichtversicherung f\u00fcr ihre Tiere,<\/li>\n<li>Vergleich von Angeboten nach Rasse und Wohnort,<\/li>\n<li>Optimierung der steuerlichen Behandlung von Tierkosten, wenn m\u00f6glich,<\/li>\n<li>Einbindung der Versicherungen in eine ganzheitliche Verm\u00f6gensstrategie.<\/li>\n<\/ul>\n<p>[\/et_pb_text][\/et_pb_column][\/et_pb_row][\/et_pb_section]<\/p>\n","protected":false},"excerpt":{"rendered":"<p><div class=\"et_pb_module dsm_breadcrumbs dsm_breadcrumbs_0\">\n\t\t\t\t\n\t\t\t\t\n\t\t\t\t\n\t\t\t\t\n\t\t\t\t\n\t\t\t\t\n\t\t\t\t<div class=\"et_pb_module_inner\">\n\t\t\t\t\t<nav class=\"dsm_breadcrumbs_wrap\">\n\t\t\t\t<ul class=\"dsm_breadcrumbs\" itemscope itemtype=\"https:\/\/schema.org\/BreadcrumbList\">\t\t\t<li class=\"dsm_breadcrumbs_item dsm_home_item dsm_home_item_custom\" itemprop=\"itemListElement\" itemscope\n\t\t\titemtype=\"https:\/\/schema.org\/ListItem\">\n\t\t\t\t<a href=\"https:\/\/www.fallerfinance.com\/de\/\" itemprop=\"item\" target=\"\">\n\t\t\t\t\t<span class='dsm_home_text_wrapper'>\n\t\t\t\t\t\t\t\t\t\t\t\t\t<span class=\"et-pb-icon dsm_home_icon\">&#xe074;<\/span>\n\t\t\t\t\t\t\t\t\t\t\t\t\t<span class=\"dsm_home_text\" itemprop=\"name\">\n\t\t\t\t\t\t\t\t \t\t\t\t\t\t\t<\/span>\n\t\t\t\t\t<\/span>\n\t\t\t\t<\/a>\n\t\t\t\t<meta itemprop=\"position\" content=\"1\" \/>\n\t\t\t<\/li>\n\n\t\t<li class=\"dsm_breadcrumbs_separator\"> <span class=\"et-pb-icon dsm_separator_icon\">5<\/span><\/li><\/ul>\n\t\t\t<\/nav>\n\t\t\t\t<\/div>\n\t\t\t<\/div>Darf ich mein Haustier mit nach Deutschland nehmen?Ja. Hunde, Katzen und Frettchen sind erlaubt, sofern sie identifiziert (Mikrochip), gegen Tollwut geimpft und mit einem EU-Heimtierausweis ausgestattet sind.Muss man seinen Hund in Deutschland anmelden?Ja. In Deutschland muss jeder Hund innerhalb von 2 bis 4 Wochen nach Ankunft beim Rathaus (Hundesteuer) angemeldet werden.Du erh\u00e4ltst eine offizielle Hundemarke, die am Halsband zu befestigen ist.Was ist die Hundesteuer?Das ist eine kommunale Pflichtsteuer f\u00fcr jeden Hund.Die H\u00f6he variiert je nach Gemeinde: im Durchschnitt zwischen 50 \u20ac und 200 \u20ac pro Jahr (f\u00fcr einen zweiten Hund meist h\u00f6her).Assistenzhunde k\u00f6nnen von der Steuer befreit werden.Gibt es eine Versicherungspflicht f\u00fcr Tiere?F\u00fcr Hunde ist die Hundehaftpflichtversicherung in den meisten Bundesl\u00e4ndern Pflicht.Sie deckt Sch\u00e4den ab, die Dritten zugef\u00fcgt werden (Unf\u00e4lle, Bisse, besch\u00e4digte Gegenst\u00e4nde \u2026).F\u00fcr Katzen oder andere Tiere ist sie freiwillig, aber sehr empfehlenswert.Welche weiteren Tierversicherungen gibt es in Deutschland? Haftpflicht: gesetzlich vorgeschriebene Haftpflichtversicherung f\u00fcr Hunde. Tierkrankenversicherung: Krankenversicherung f\u00fcr Tiere (Tierarztkosten, Operationen, Klinikaufenthalte). OP-Versicherung: Deckt nur chirurgische Eingriffe ab, daf\u00fcr g\u00fcnstiger. \ud83d\udc49 Faller Finance hilft dir, den passenden Versicherungsschutz f\u00fcr dein Budget und dein Tier zu finden.Wie hoch sind die Tierarztkosten in Deutschland?Die Preise sind h\u00f6her als [&hellip;]<\/p>\n","protected":false},"author":1,"featured_media":0,"parent":652,"menu_order":0,"comment_status":"closed","ping_status":"closed","template":"","meta":{"_et_pb_use_builder":"on","_et_pb_old_content":"","_et_gb_content_width":"","footnotes":""},"class_list":["post-940","page","type-page","status-publish","hentry"],"yoast_head":"<!-- This site is optimized with the Yoast SEO plugin v27.6 - https:\/\/yoast.com\/product\/yoast-seo-wordpress\/ -->\n<title>Haustiere in Deutschland \u2013 Ratgeber | Faller Finance<\/title>\n<meta name=\"description\" content=\"Haustiere in Deutschland: Formalit\u00e4ten und Versicherungen, die Sie f\u00fcr Ihre tierischen Begleiter einplanen sollten. Tipps f\u00fcr eine entspannte Auswanderung mit Ihrem Haustier.\" \/>\n<meta name=\"robots\" content=\"index, follow, max-snippet:-1, max-image-preview:large, max-video-preview:-1\" \/>\n<link rel=\"canonical\" href=\"https:\/\/www.fallerfinance.com\/de\/faq\/meine-haustiere-in-deutschland\/\" \/>\n<meta property=\"og:locale\" content=\"de_DE\" \/>\n<meta property=\"og:type\" content=\"article\" \/>\n<meta property=\"og:title\" content=\"Haustiere in Deutschland \u2013 Ratgeber | Faller Finance\" \/>\n<meta property=\"og:description\" content=\"Haustiere in Deutschland: Formalit\u00e4ten und Versicherungen, die Sie f\u00fcr Ihre tierischen Begleiter einplanen sollten. Tipps f\u00fcr eine entspannte Auswanderung mit Ihrem Haustier.\" \/>\n<meta property=\"og:url\" content=\"https:\/\/www.fallerfinance.com\/de\/faq\/meine-haustiere-in-deutschland\/\" \/>\n<meta property=\"og:site_name\" content=\"Faller Finance\" \/>\n<meta property=\"article:modified_time\" content=\"2025-11-03T15:50:52+00:00\" \/>\n<meta name=\"twitter:card\" content=\"summary_large_image\" \/>\n<meta name=\"twitter:label1\" content=\"Gesch\u00e4tzte Lesezeit\" \/>\n\t<meta name=\"twitter:data1\" content=\"4\u00a0Minuten\" \/>\n<script type=\"application\/ld+json\" class=\"yoast-schema-graph\">{\"@context\":\"https:\\\/\\\/schema.org\",\"@graph\":[{\"@type\":\"WebPage\",\"@id\":\"https:\\\/\\\/www.fallerfinance.com\\\/de\\\/faq\\\/meine-haustiere-in-deutschland\\\/\",\"url\":\"https:\\\/\\\/www.fallerfinance.com\\\/de\\\/faq\\\/meine-haustiere-in-deutschland\\\/\",\"name\":\"Haustiere in Deutschland \u2013 Ratgeber | Faller Finance\",\"isPartOf\":{\"@id\":\"https:\\\/\\\/www.fallerfinance.com\\\/de\\\/#website\"},\"datePublished\":\"2025-10-20T13:59:34+00:00\",\"dateModified\":\"2025-11-03T15:50:52+00:00\",\"description\":\"Haustiere in Deutschland: Formalit\u00e4ten und Versicherungen, die Sie f\u00fcr Ihre tierischen Begleiter einplanen sollten. Tipps f\u00fcr eine entspannte Auswanderung mit Ihrem Haustier.\",\"breadcrumb\":{\"@id\":\"https:\\\/\\\/www.fallerfinance.com\\\/de\\\/faq\\\/meine-haustiere-in-deutschland\\\/#breadcrumb\"},\"inLanguage\":\"de\",\"potentialAction\":[{\"@type\":\"ReadAction\",\"target\":[\"https:\\\/\\\/www.fallerfinance.com\\\/de\\\/faq\\\/meine-haustiere-in-deutschland\\\/\"]}]},{\"@type\":\"BreadcrumbList\",\"@id\":\"https:\\\/\\\/www.fallerfinance.com\\\/de\\\/faq\\\/meine-haustiere-in-deutschland\\\/#breadcrumb\",\"itemListElement\":[{\"@type\":\"ListItem\",\"position\":1,\"name\":\"Startseite\",\"item\":\"https:\\\/\\\/www.fallerfinance.com\\\/de\\\/\"},{\"@type\":\"ListItem\",\"position\":2,\"name\":\"FAQ\",\"item\":\"https:\\\/\\\/www.fallerfinance.com\\\/de\\\/faq\\\/\"},{\"@type\":\"ListItem\",\"position\":3,\"name\":\"Meine Haustiere in Deutschland\"}]},{\"@type\":\"WebSite\",\"@id\":\"https:\\\/\\\/www.fallerfinance.com\\\/de\\\/#website\",\"url\":\"https:\\\/\\\/www.fallerfinance.com\\\/de\\\/\",\"name\":\"Faller Finance\",\"description\":\"\",\"potentialAction\":[{\"@type\":\"SearchAction\",\"target\":{\"@type\":\"EntryPoint\",\"urlTemplate\":\"https:\\\/\\\/www.fallerfinance.com\\\/de\\\/?s={search_term_string}\"},\"query-input\":{\"@type\":\"PropertyValueSpecification\",\"valueRequired\":true,\"valueName\":\"search_term_string\"}}],\"inLanguage\":\"de\"}]}<\/script>\n<!-- \/ Yoast SEO plugin. -->","yoast_head_json":{"title":"Haustiere in Deutschland \u2013 Ratgeber | Faller Finance","description":"Haustiere in Deutschland: Formalit\u00e4ten und Versicherungen, die Sie f\u00fcr Ihre tierischen Begleiter einplanen sollten. Tipps f\u00fcr eine entspannte Auswanderung mit Ihrem Haustier.","robots":{"index":"index","follow":"follow","max-snippet":"max-snippet:-1","max-image-preview":"max-image-preview:large","max-video-preview":"max-video-preview:-1"},"canonical":"https:\/\/www.fallerfinance.com\/de\/faq\/meine-haustiere-in-deutschland\/","og_locale":"de_DE","og_type":"article","og_title":"Haustiere in Deutschland \u2013 Ratgeber | Faller Finance","og_description":"Haustiere in Deutschland: Formalit\u00e4ten und Versicherungen, die Sie f\u00fcr Ihre tierischen Begleiter einplanen sollten. Tipps f\u00fcr eine entspannte Auswanderung mit Ihrem Haustier.","og_url":"https:\/\/www.fallerfinance.com\/de\/faq\/meine-haustiere-in-deutschland\/","og_site_name":"Faller Finance","article_modified_time":"2025-11-03T15:50:52+00:00","twitter_card":"summary_large_image","twitter_misc":{"Gesch\u00e4tzte Lesezeit":"4\u00a0Minuten"},"schema":{"@context":"https:\/\/schema.org","@graph":[{"@type":"WebPage","@id":"https:\/\/www.fallerfinance.com\/de\/faq\/meine-haustiere-in-deutschland\/","url":"https:\/\/www.fallerfinance.com\/de\/faq\/meine-haustiere-in-deutschland\/","name":"Haustiere in Deutschland \u2013 Ratgeber | Faller Finance","isPartOf":{"@id":"https:\/\/www.fallerfinance.com\/de\/#website"},"datePublished":"2025-10-20T13:59:34+00:00","dateModified":"2025-11-03T15:50:52+00:00","description":"Haustiere in Deutschland: Formalit\u00e4ten und Versicherungen, die Sie f\u00fcr Ihre tierischen Begleiter einplanen sollten. Tipps f\u00fcr eine entspannte Auswanderung mit Ihrem Haustier.","breadcrumb":{"@id":"https:\/\/www.fallerfinance.com\/de\/faq\/meine-haustiere-in-deutschland\/#breadcrumb"},"inLanguage":"de","potentialAction":[{"@type":"ReadAction","target":["https:\/\/www.fallerfinance.com\/de\/faq\/meine-haustiere-in-deutschland\/"]}]},{"@type":"BreadcrumbList","@id":"https:\/\/www.fallerfinance.com\/de\/faq\/meine-haustiere-in-deutschland\/#breadcrumb","itemListElement":[{"@type":"ListItem","position":1,"name":"Startseite","item":"https:\/\/www.fallerfinance.com\/de\/"},{"@type":"ListItem","position":2,"name":"FAQ","item":"https:\/\/www.fallerfinance.com\/de\/faq\/"},{"@type":"ListItem","position":3,"name":"Meine Haustiere in Deutschland"}]},{"@type":"WebSite","@id":"https:\/\/www.fallerfinance.com\/de\/#website","url":"https:\/\/www.fallerfinance.com\/de\/","name":"Faller Finance","description":"","potentialAction":[{"@type":"SearchAction","target":{"@type":"EntryPoint","urlTemplate":"https:\/\/www.fallerfinance.com\/de\/?s={search_term_string}"},"query-input":{"@type":"PropertyValueSpecification","valueRequired":true,"valueName":"search_term_string"}}],"inLanguage":"de"}]}},"_links":{"self":[{"href":"https:\/\/www.fallerfinance.com\/de\/wp-json\/wp\/v2\/pages\/940","targetHints":{"allow":["GET"]}}],"collection":[{"href":"https:\/\/www.fallerfinance.com\/de\/wp-json\/wp\/v2\/pages"}],"about":[{"href":"https:\/\/www.fallerfinance.com\/de\/wp-json\/wp\/v2\/types\/page"}],"author":[{"embeddable":true,"href":"https:\/\/www.fallerfinance.com\/de\/wp-json\/wp\/v2\/users\/1"}],"replies":[{"embeddable":true,"href":"https:\/\/www.fallerfinance.com\/de\/wp-json\/wp\/v2\/comments?post=940"}],"version-history":[{"count":0,"href":"https:\/\/www.fallerfinance.com\/de\/wp-json\/wp\/v2\/pages\/940\/revisions"}],"up":[{"embeddable":true,"href":"https:\/\/www.fallerfinance.com\/de\/wp-json\/wp\/v2\/pages\/652"}],"wp:attachment":[{"href":"https:\/\/www.fallerfinance.com\/de\/wp-json\/wp\/v2\/media?parent=940"}],"curies":[{"name":"wp","href":"https:\/\/api.w.org\/{rel}","templated":true}]}}