{"id":833,"date":"2025-10-26T10:45:54","date_gmt":"2025-10-26T09:45:54","guid":{"rendered":"https:\/\/www.fallerfinance.com\/lale-altavilla-vitale\/"},"modified":"2025-11-02T11:52:34","modified_gmt":"2025-11-02T10:52:34","slug":"lale-altavilla-vitale","status":"publish","type":"page","link":"https:\/\/www.fallerfinance.com\/de\/lale-altavilla-vitale\/","title":{"rendered":"Lale ALTAVILLA VITALE"},"content":{"rendered":"<p>[et_pb_section fb_built=&#8220;1&#8243; _builder_version=&#8220;4.27.4&#8243; _module_preset=&#8220;default&#8220; background_color=&#8220;#15171C&#8220; custom_padding=&#8220;70px|20px|0px|20px|false|true&#8220; global_colors_info=&#8220;{}&#8220;][et_pb_row column_structure=&#8220;1_2,1_2&#8243; _builder_version=&#8220;4.27.4&#8243; _module_preset=&#8220;default&#8220; custom_css_main_element=&#8220;align-items: center;&#8220; global_colors_info=&#8220;{}&#8220;][et_pb_column type=&#8220;1_2&#8243; _builder_version=&#8220;4.27.4&#8243; _module_preset=&#8220;default&#8220; global_colors_info=&#8220;{}&#8220;][et_pb_text disabled_on=&#8220;off|off|off&#8220; _builder_version=&#8220;4.27.4&#8243; _module_preset=&#8220;default&#8220; header_text_color=&#8220;#DBC078&#8243; header_font_size=&#8220;40px&#8220; custom_margin=&#8220;||10px||false|false&#8220; hover_enabled=&#8220;0&#8243; global_colors_info=&#8220;{}&#8220; sticky_enabled=&#8220;0&#8243;]<\/p>\n<h1>Lale ALTAVILLA VITALE<\/h1>\n<h2>Leiterin Back-Office und Kundenbetreuung<\/h2>\n<p><strong>\ud83d\udccd K\u00f6ln<\/strong><\/p>\n<p>[\/et_pb_text][et_pb_text disabled_on=&#8220;on|on|on&#8220; _builder_version=&#8220;4.27.4&#8243; _module_preset=&#8220;default&#8220; header_text_color=&#8220;#DBC078&#8243; header_font_size=&#8220;40px&#8220; custom_margin=&#8220;||10px||false|false&#8220; disabled=&#8220;on&#8220; global_colors_info=&#8220;{}&#8220;]<\/p>\n<h1>Sarah AMEURLAINE<\/h1>\n<h2>Leiterin Marketing und Kommunikation<\/h2>\n<p><a href=\"https:\/\/www.boinot-finances.com\/\" target=\"_blank\" rel=\"noopener\">www.boinot-finances.com<\/a><\/p>\n<p>[\/et_pb_text][et_pb_social_media_follow use_icon_font_size=&#8220;on&#8220; icon_font_size=&#8220;20px&#8220; disabled_on=&#8220;off|off|off&#8220; _builder_version=&#8220;4.27.4&#8243; _module_preset=&#8220;default&#8220; custom_margin=&#8220;5px||||false|false&#8220; border_radii=&#8220;on|63px|63px|63px|63px&#8220; global_colors_info=&#8220;{}&#8220;][et_pb_social_media_follow_network social_network=&#8220;linkedin&#8220; url=&#8220;https:\/\/www.linkedin.com\/in\/laleabel\/?originalSubdomain=de&#8220; _builder_version=&#8220;4.27.4&#8243; _module_preset=&#8220;default&#8220; background_color=&#8220;#007bb6&#8243; global_colors_info=&#8220;{}&#8220; follow_button=&#8220;off&#8220; url_new_window=&#8220;on&#8220;]linkedin[\/et_pb_social_media_follow_network][\/et_pb_social_media_follow][et_pb_image src=&#8220;https:\/\/www.fallerfinance.com\/wp-content\/uploads\/2025\/08\/faller-finances-quote.webp&#8220; title_text=&#8220;faller-finances-quote&#8220; _builder_version=&#8220;4.27.4&#8243; _module_preset=&#8220;default&#8220; width=&#8220;45px&#8220; width_tablet=&#8220;45px&#8220; width_phone=&#8220;50px&#8220; width_last_edited=&#8220;on|tablet&#8220; custom_margin=&#8220;||0px||false|false&#8220; global_colors_info=&#8220;{}&#8220;][\/et_pb_image][et_pb_text _builder_version=&#8220;4.27.4&#8243; _module_preset=&#8220;default&#8220; text_font=&#8220;||on||||||&#8220; text_font_size=&#8220;28px&#8220; text_line_height=&#8220;1.2em&#8220; custom_margin=&#8220;10px||||false|false&#8220; global_colors_info=&#8220;{}&#8220;]Ich sorge f\u00fcr einen reibungslosen Ablauf der Vorg\u00e4nge und die Verbindung zwischen Kunden und Partnern, f\u00fcr eine nahtlose Betreuung und ein einwandfreies Kundenerlebnis.[\/et_pb_text][et_pb_text _builder_version=&#8220;4.27.4&#8243; _module_preset=&#8220;default&#8220; header_3_text_color=&#8220;#DBC078&#8243; header_3_font_size=&#8220;24px&#8220; custom_margin=&#8220;50px||||false|false&#8220; global_colors_info=&#8220;{}&#8220;]<\/p>\n<h3>Spezialgebiete \/ Fachgebiete<\/h3>\n<ul>\n<li>Verwaltung und Betreuung der Kundenakten<\/li>\n<li>Administrative Koordination und Kundenbeziehungen<\/li>\n<li>Kommunikation zwischen Kunden und Partnern<\/li>\n<li>Operative Unterst\u00fctzung und interne Organisation<\/li>\n<\/ul>\n<h3>Beruflicher Werdegang \/ Abschl\u00fcsse:<\/h3>\n<ul>\n<li>Mit langj\u00e4hriger Erfahrung in der Verwaltung und im Kundenbeziehungsmanagement habe ich einen Ansatz entwickelt, der auf Genauigkeit und Servicequalit\u00e4t ausgerichtet ist.\n<\/li>\n<li>Mein Werdegang hat es mir erm\u00f6glicht, ein tiefes Verst\u00e4ndnis f\u00fcr die Bed\u00fcrfnisse der Kunden und die Anforderungen der Partner zu erwerben, das ich heute in den Dienst der Kanzlei Faller Finance stelle.<\/li>\n<\/ul>\n<p>[\/et_pb_text][\/et_pb_column][et_pb_column type=&#8220;1_2&#8243; _builder_version=&#8220;4.27.4&#8243; _module_preset=&#8220;default&#8220; global_colors_info=&#8220;{}&#8220;][et_pb_image src=&#8220;https:\/\/www.fallerfinance.com\/wp-content\/uploads\/2025\/10\/lale-altavilla.webp&#8220; alt=&#8220;lale-altavilla&#8220; title_text=&#8220;lale-altavilla&#8220; _builder_version=&#8220;4.27.4&#8243; _module_preset=&#8220;default&#8220; border_radii=&#8220;off|||80px|&#8220; global_colors_info=&#8220;{}&#8220;][\/et_pb_image][\/et_pb_column][\/et_pb_row][et_pb_row column_structure=&#8220;1_2,1_2&#8243; _builder_version=&#8220;4.27.4&#8243; _module_preset=&#8220;default&#8220; background_color=&#8220;RGBA(255,255,255,0)&#8220; custom_margin=&#8220;50px||||false|false&#8220; global_colors_info=&#8220;{}&#8220;][et_pb_column type=&#8220;1_2&#8243; _builder_version=&#8220;4.27.4&#8243; _module_preset=&#8220;default&#8220; global_colors_info=&#8220;{}&#8220;][et_pb_text _builder_version=&#8220;4.27.4&#8243; _module_preset=&#8220;default&#8220; header_3_text_color=&#8220;#DBC078&#8243; header_3_font_size=&#8220;24px&#8220; custom_margin=&#8220;||||false|false&#8220; global_colors_info=&#8220;{}&#8220;]<\/p>\n<h3 data-start=\"103\" data-end=\"396\">\u00dcber uns<\/h3>\n<p>Was mich motiviert, ist der Aufbau einer vertrauensvollen Beziehung und einer individuellen Betreuung mit jedem Kunden \u2013 denn das ist meiner Meinung nach der wahre Mehrwert unseres Services.<br \/>\nMeine Erfahrung als Expatriate erm\u00f6glicht es mir auch, diejenigen empathisch zu begleiten, die dieses Abenteuer erleben, indem ich ihre Bed\u00fcrfnisse antizipiere und ihre Schritte erleichtere.<br \/>\nNeugierig und kreativ erkunde ich gerne verschiedene Welten durch Lesen, Zeichnen und Kochen.<br \/>\nIch genie\u00dfe es, neue Kulturen zu entdecken, die Natur bei Spazierg\u00e4ngen oder Reisen zu genie\u00dfen und Yoga und Tanz zu praktizieren.[\/et_pb_text][\/et_pb_column][et_pb_column type=&#8220;1_2&#8243; _builder_version=&#8220;4.27.4&#8243; _module_preset=&#8220;default&#8220; global_colors_info=&#8220;{}&#8220;][et_pb_text _builder_version=&#8220;4.27.4&#8243; _module_preset=&#8220;default&#8220; header_3_text_color=&#8220;#DBC078&#8243; header_3_font_size=&#8220;24px&#8220; custom_margin=&#8220;||||false|false&#8220; global_colors_info=&#8220;{}&#8220;]<\/p>\n<h3 data-start=\"103\" data-end=\"396\">Wie ich Ihnen helfen kann<\/h3>\n<ul>\n<li>Die Kommunikation zwischen Ihnen und unseren Finanzpartnern erleichtern<\/li>\n<li>Den Fortschritt Ihrer administrativen Schritte verfolgen<\/li>\n<li>Die gute Koordination Ihrer Akte sicherstellen, vom ersten Kontakt bis zur Finalisierung<\/li>\n<li>Ihnen eine reibungslose, transparente und pers\u00f6nliche Begleitung bieten<\/li>\n<\/ul>\n<p>[\/et_pb_text][et_pb_button button_url=&#8220;https:\/\/www.linkedin.com\/in\/laleabel\/?originalSubdomain=de&#8220; url_new_window=&#8220;on&#8220; button_text=&#8220;Lale kontaktieren&#8220; _builder_version=&#8220;4.27.4&#8243; _module_preset=&#8220;default&#8220; custom_button=&#8220;on&#8220; button_text_size=&#8220;18px&#8220; button_border_radius=&#8220;43px&#8220; button_use_icon=&#8220;off&#8220; custom_padding=&#8220;7px|25px|7px|25px|true|true&#8220; global_colors_info=&#8220;{}&#8220; button_text_color__hover_enabled=&#8220;on|desktop&#8220; button_bg_color__hover_enabled=&#8220;on|hover&#8220; button_border_color__hover_enabled=&#8220;on|hover&#8220; button_border_color__hover=&#8220;#DBC078&#8243; button_bg_color__hover=&#8220;#DBC078&#8243; button_bg_enable_color__hover=&#8220;on&#8220; button_text_color__hover=&#8220;#000000&#8243;][\/et_pb_button][\/et_pb_column][\/et_pb_row][et_pb_row custom_padding_last_edited=&#8220;on|phone&#8220; _builder_version=&#8220;4.27.4&#8243; _module_preset=&#8220;default&#8220; background_color=&#8220;#DBC078&#8243; custom_margin=&#8220;50px||||false|false&#8220; custom_padding=&#8220;30px|150px|30px|150px|true|true&#8220; custom_padding_tablet=&#8220;30px|50px|30px|50px|true|true&#8220; custom_padding_phone=&#8220;|20px||20px|true|true&#8220; global_colors_info=&#8220;{}&#8220;][et_pb_column type=&#8220;4_4&#8243; _builder_version=&#8220;4.27.4&#8243; _module_preset=&#8220;default&#8220; global_colors_info=&#8220;{}&#8220;][dsm_card_carousel slide_to_show=&#8220;1&#8243; autoplay_speed=&#8220;6000&#8243; dots_inactive_color=&#8220;#FFFFFF&#8220; _builder_version=&#8220;4.27.4&#8243; _module_preset=&#8220;default&#8220; global_colors_info=&#8220;{}&#8220;][dsm_card_carousel_child image_as_background=&#8220;off&#8220; button_url_new_window=&#8220;1&#8243; _builder_version=&#8220;4.27.4&#8243; _module_preset=&#8220;default&#8220; body_text_color=&#8220;#000000&#8243; subhead_text_color=&#8220;#000000&#8243; global_colors_info=&#8220;{}&#8220; parent_button=&#8220;off&#8220; parent_header_level=&#8220;h4&#8243;]<\/p>\n<p style=\"text-align: center; font-size: 1.8em; line-height: 1.1em;\">Die Qualit\u00e4t des Services ist das, was andere lange behalten, nachdem sie den Preis vergessen haben.<\/p>\n<p style=\"text-align: center;\">Sam Walton<\/p>\n<p>[\/dsm_card_carousel_child][dsm_card_carousel_child image_as_background=&#8220;off&#8220; button_url_new_window=&#8220;1&#8243; _builder_version=&#8220;4.27.4&#8243; _module_preset=&#8220;default&#8220; body_text_color=&#8220;#000000&#8243; subhead_text_color=&#8220;#000000&#8243; global_colors_info=&#8220;{}&#8220; parent_button=&#8220;off&#8220; parent_header_level=&#8220;h4&#8243;]<\/p>\n<p style=\"text-align: center; font-size: 1.8em; line-height: 1.1em;\">Organisation ist der Schl\u00fcssel zur Gelassenheit.<\/p>\n<p style=\"text-align: center;\">Unbekannt<\/p>\n<p>[\/dsm_card_carousel_child][dsm_card_carousel_child image_as_background=&#8220;off&#8220; button_url_new_window=&#8220;1&#8243; _builder_version=&#8220;4.27.4&#8243; _module_preset=&#8220;default&#8220; body_text_color=&#8220;#000000&#8243; subhead_text_color=&#8220;#000000&#8243; global_colors_info=&#8220;{}&#8220; parent_button=&#8220;off&#8220; parent_header_level=&#8220;h4&#8243;]<\/p>\n<p style=\"text-align: center; font-size: 1.8em; line-height: 1.1em;\">Gro\u00dfe Dinge entstehen niemals in Eile.<\/p>\n<p style=\"text-align: center;\">Leonardo da Vinci<\/p>\n<p>[\/dsm_card_carousel_child][\/dsm_card_carousel][\/et_pb_column][\/et_pb_row][\/et_pb_section]<\/p>\n","protected":false},"excerpt":{"rendered":"<p>Lale ALTAVILLA VITALE Leiterin Back-Office und Kundenbetreuung \ud83d\udccd K\u00f6lnSarah AMEURLAINE Leiterin Marketing und Kommunikation www.boinot-finances.comIch sorge f\u00fcr einen reibungslosen Ablauf der Vorg\u00e4nge und die Verbindung zwischen Kunden und Partnern, f\u00fcr eine nahtlose Betreuung und ein einwandfreies Kundenerlebnis.Spezialgebiete \/ Fachgebiete Verwaltung und Betreuung der Kundenakten Administrative Koordination und Kundenbeziehungen Kommunikation zwischen Kunden und Partnern Operative Unterst\u00fctzung und interne Organisation Beruflicher Werdegang \/ Abschl\u00fcsse: Mit langj\u00e4hriger Erfahrung in der Verwaltung und im Kundenbeziehungsmanagement habe ich einen Ansatz entwickelt, der auf Genauigkeit und Servicequalit\u00e4t ausgerichtet ist. Mein Werdegang hat es mir erm\u00f6glicht, ein tiefes Verst\u00e4ndnis f\u00fcr die Bed\u00fcrfnisse der Kunden und die Anforderungen der Partner zu erwerben, das ich heute in den Dienst der Kanzlei Faller Finance stelle. \u00dcber uns Was mich motiviert, ist der Aufbau einer vertrauensvollen Beziehung und einer individuellen Betreuung mit jedem Kunden \u2013 denn das ist meiner Meinung nach der wahre Mehrwert unseres Services. Meine Erfahrung als Expatriate erm\u00f6glicht es mir auch, diejenigen empathisch zu begleiten, die dieses Abenteuer erleben, indem ich ihre Bed\u00fcrfnisse antizipiere und ihre Schritte erleichtere. Neugierig und kreativ erkunde ich gerne verschiedene Welten durch Lesen, Zeichnen und Kochen. Ich genie\u00dfe es, neue Kulturen zu entdecken, die Natur bei Spazierg\u00e4ngen oder Reisen zu genie\u00dfen und Yoga [&hellip;]<\/p>\n","protected":false},"author":1,"featured_media":0,"parent":0,"menu_order":0,"comment_status":"closed","ping_status":"closed","template":"","meta":{"_et_pb_use_builder":"on","_et_pb_old_content":"","_et_gb_content_width":"","footnotes":""},"class_list":["post-833","page","type-page","status-publish","hentry"],"yoast_head":"<!-- This site is optimized with the Yoast SEO plugin v27.5 - https:\/\/yoast.com\/product\/yoast-seo-wordpress\/ -->\n<title>Lale ALTAVILLA VITALE - Faller Finance<\/title>\n<meta name=\"robots\" content=\"index, follow, max-snippet:-1, max-image-preview:large, max-video-preview:-1\" \/>\n<link rel=\"canonical\" href=\"https:\/\/www.fallerfinance.com\/de\/lale-altavilla-vitale\/\" \/>\n<meta property=\"og:locale\" content=\"de_DE\" \/>\n<meta property=\"og:type\" content=\"article\" \/>\n<meta property=\"og:title\" content=\"Lale ALTAVILLA VITALE - Faller Finance\" \/>\n<meta property=\"og:description\" content=\"Lale ALTAVILLA VITALE Leiterin Back-Office und Kundenbetreuung \ud83d\udccd K\u00f6lnSarah AMEURLAINE Leiterin Marketing und Kommunikation www.boinot-finances.comIch sorge f\u00fcr einen reibungslosen Ablauf der Vorg\u00e4nge und die Verbindung zwischen Kunden und Partnern, f\u00fcr eine nahtlose Betreuung und ein einwandfreies Kundenerlebnis.Spezialgebiete \/ Fachgebiete Verwaltung und Betreuung der Kundenakten Administrative Koordination und Kundenbeziehungen Kommunikation zwischen Kunden und Partnern Operative Unterst\u00fctzung und interne Organisation Beruflicher Werdegang \/ Abschl\u00fcsse: Mit langj\u00e4hriger Erfahrung in der Verwaltung und im Kundenbeziehungsmanagement habe ich einen Ansatz entwickelt, der auf Genauigkeit und Servicequalit\u00e4t ausgerichtet ist. Mein Werdegang hat es mir erm\u00f6glicht, ein tiefes Verst\u00e4ndnis f\u00fcr die Bed\u00fcrfnisse der Kunden und die Anforderungen der Partner zu erwerben, das ich heute in den Dienst der Kanzlei Faller Finance stelle. \u00dcber uns Was mich motiviert, ist der Aufbau einer vertrauensvollen Beziehung und einer individuellen Betreuung mit jedem Kunden \u2013 denn das ist meiner Meinung nach der wahre Mehrwert unseres Services. Meine Erfahrung als Expatriate erm\u00f6glicht es mir auch, diejenigen empathisch zu begleiten, die dieses Abenteuer erleben, indem ich ihre Bed\u00fcrfnisse antizipiere und ihre Schritte erleichtere. Neugierig und kreativ erkunde ich gerne verschiedene Welten durch Lesen, Zeichnen und Kochen. Ich genie\u00dfe es, neue Kulturen zu entdecken, die Natur bei Spazierg\u00e4ngen oder Reisen zu genie\u00dfen und Yoga [&hellip;]\" \/>\n<meta property=\"og:url\" content=\"https:\/\/www.fallerfinance.com\/de\/lale-altavilla-vitale\/\" \/>\n<meta property=\"og:site_name\" content=\"Faller Finance\" \/>\n<meta property=\"article:modified_time\" content=\"2025-11-02T10:52:34+00:00\" \/>\n<meta name=\"twitter:card\" content=\"summary_large_image\" \/>\n<meta name=\"twitter:label1\" content=\"Gesch\u00e4tzte Lesezeit\" \/>\n\t<meta name=\"twitter:data1\" content=\"5\u00a0Minuten\" \/>\n<script type=\"application\/ld+json\" class=\"yoast-schema-graph\">{\"@context\":\"https:\\\/\\\/schema.org\",\"@graph\":[{\"@type\":\"WebPage\",\"@id\":\"https:\\\/\\\/www.fallerfinance.com\\\/de\\\/lale-altavilla-vitale\\\/\",\"url\":\"https:\\\/\\\/www.fallerfinance.com\\\/de\\\/lale-altavilla-vitale\\\/\",\"name\":\"Lale ALTAVILLA VITALE - Faller Finance\",\"isPartOf\":{\"@id\":\"https:\\\/\\\/www.fallerfinance.com\\\/de\\\/#website\"},\"datePublished\":\"2025-10-26T09:45:54+00:00\",\"dateModified\":\"2025-11-02T10:52:34+00:00\",\"breadcrumb\":{\"@id\":\"https:\\\/\\\/www.fallerfinance.com\\\/de\\\/lale-altavilla-vitale\\\/#breadcrumb\"},\"inLanguage\":\"de\",\"potentialAction\":[{\"@type\":\"ReadAction\",\"target\":[\"https:\\\/\\\/www.fallerfinance.com\\\/de\\\/lale-altavilla-vitale\\\/\"]}]},{\"@type\":\"BreadcrumbList\",\"@id\":\"https:\\\/\\\/www.fallerfinance.com\\\/de\\\/lale-altavilla-vitale\\\/#breadcrumb\",\"itemListElement\":[{\"@type\":\"ListItem\",\"position\":1,\"name\":\"Startseite\",\"item\":\"https:\\\/\\\/www.fallerfinance.com\\\/de\\\/\"},{\"@type\":\"ListItem\",\"position\":2,\"name\":\"Lale ALTAVILLA VITALE\"}]},{\"@type\":\"WebSite\",\"@id\":\"https:\\\/\\\/www.fallerfinance.com\\\/de\\\/#website\",\"url\":\"https:\\\/\\\/www.fallerfinance.com\\\/de\\\/\",\"name\":\"Faller Finance\",\"description\":\"\",\"potentialAction\":[{\"@type\":\"SearchAction\",\"target\":{\"@type\":\"EntryPoint\",\"urlTemplate\":\"https:\\\/\\\/www.fallerfinance.com\\\/de\\\/?s={search_term_string}\"},\"query-input\":{\"@type\":\"PropertyValueSpecification\",\"valueRequired\":true,\"valueName\":\"search_term_string\"}}],\"inLanguage\":\"de\"}]}<\/script>\n<!-- \/ Yoast SEO plugin. -->","yoast_head_json":{"title":"Lale ALTAVILLA VITALE - Faller Finance","robots":{"index":"index","follow":"follow","max-snippet":"max-snippet:-1","max-image-preview":"max-image-preview:large","max-video-preview":"max-video-preview:-1"},"canonical":"https:\/\/www.fallerfinance.com\/de\/lale-altavilla-vitale\/","og_locale":"de_DE","og_type":"article","og_title":"Lale ALTAVILLA VITALE - Faller Finance","og_description":"Lale ALTAVILLA VITALE Leiterin Back-Office und Kundenbetreuung \ud83d\udccd K\u00f6lnSarah AMEURLAINE Leiterin Marketing und Kommunikation www.boinot-finances.comIch sorge f\u00fcr einen reibungslosen Ablauf der Vorg\u00e4nge und die Verbindung zwischen Kunden und Partnern, f\u00fcr eine nahtlose Betreuung und ein einwandfreies Kundenerlebnis.Spezialgebiete \/ Fachgebiete Verwaltung und Betreuung der Kundenakten Administrative Koordination und Kundenbeziehungen Kommunikation zwischen Kunden und Partnern Operative Unterst\u00fctzung und interne Organisation Beruflicher Werdegang \/ Abschl\u00fcsse: Mit langj\u00e4hriger Erfahrung in der Verwaltung und im Kundenbeziehungsmanagement habe ich einen Ansatz entwickelt, der auf Genauigkeit und Servicequalit\u00e4t ausgerichtet ist. Mein Werdegang hat es mir erm\u00f6glicht, ein tiefes Verst\u00e4ndnis f\u00fcr die Bed\u00fcrfnisse der Kunden und die Anforderungen der Partner zu erwerben, das ich heute in den Dienst der Kanzlei Faller Finance stelle. \u00dcber uns Was mich motiviert, ist der Aufbau einer vertrauensvollen Beziehung und einer individuellen Betreuung mit jedem Kunden \u2013 denn das ist meiner Meinung nach der wahre Mehrwert unseres Services. Meine Erfahrung als Expatriate erm\u00f6glicht es mir auch, diejenigen empathisch zu begleiten, die dieses Abenteuer erleben, indem ich ihre Bed\u00fcrfnisse antizipiere und ihre Schritte erleichtere. Neugierig und kreativ erkunde ich gerne verschiedene Welten durch Lesen, Zeichnen und Kochen. Ich genie\u00dfe es, neue Kulturen zu entdecken, die Natur bei Spazierg\u00e4ngen oder Reisen zu genie\u00dfen und Yoga [&hellip;]","og_url":"https:\/\/www.fallerfinance.com\/de\/lale-altavilla-vitale\/","og_site_name":"Faller Finance","article_modified_time":"2025-11-02T10:52:34+00:00","twitter_card":"summary_large_image","twitter_misc":{"Gesch\u00e4tzte Lesezeit":"5\u00a0Minuten"},"schema":{"@context":"https:\/\/schema.org","@graph":[{"@type":"WebPage","@id":"https:\/\/www.fallerfinance.com\/de\/lale-altavilla-vitale\/","url":"https:\/\/www.fallerfinance.com\/de\/lale-altavilla-vitale\/","name":"Lale ALTAVILLA VITALE - Faller Finance","isPartOf":{"@id":"https:\/\/www.fallerfinance.com\/de\/#website"},"datePublished":"2025-10-26T09:45:54+00:00","dateModified":"2025-11-02T10:52:34+00:00","breadcrumb":{"@id":"https:\/\/www.fallerfinance.com\/de\/lale-altavilla-vitale\/#breadcrumb"},"inLanguage":"de","potentialAction":[{"@type":"ReadAction","target":["https:\/\/www.fallerfinance.com\/de\/lale-altavilla-vitale\/"]}]},{"@type":"BreadcrumbList","@id":"https:\/\/www.fallerfinance.com\/de\/lale-altavilla-vitale\/#breadcrumb","itemListElement":[{"@type":"ListItem","position":1,"name":"Startseite","item":"https:\/\/www.fallerfinance.com\/de\/"},{"@type":"ListItem","position":2,"name":"Lale ALTAVILLA VITALE"}]},{"@type":"WebSite","@id":"https:\/\/www.fallerfinance.com\/de\/#website","url":"https:\/\/www.fallerfinance.com\/de\/","name":"Faller Finance","description":"","potentialAction":[{"@type":"SearchAction","target":{"@type":"EntryPoint","urlTemplate":"https:\/\/www.fallerfinance.com\/de\/?s={search_term_string}"},"query-input":{"@type":"PropertyValueSpecification","valueRequired":true,"valueName":"search_term_string"}}],"inLanguage":"de"}]}},"_links":{"self":[{"href":"https:\/\/www.fallerfinance.com\/de\/wp-json\/wp\/v2\/pages\/833","targetHints":{"allow":["GET"]}}],"collection":[{"href":"https:\/\/www.fallerfinance.com\/de\/wp-json\/wp\/v2\/pages"}],"about":[{"href":"https:\/\/www.fallerfinance.com\/de\/wp-json\/wp\/v2\/types\/page"}],"author":[{"embeddable":true,"href":"https:\/\/www.fallerfinance.com\/de\/wp-json\/wp\/v2\/users\/1"}],"replies":[{"embeddable":true,"href":"https:\/\/www.fallerfinance.com\/de\/wp-json\/wp\/v2\/comments?post=833"}],"version-history":[{"count":0,"href":"https:\/\/www.fallerfinance.com\/de\/wp-json\/wp\/v2\/pages\/833\/revisions"}],"wp:attachment":[{"href":"https:\/\/www.fallerfinance.com\/de\/wp-json\/wp\/v2\/media?parent=833"}],"curies":[{"name":"wp","href":"https:\/\/api.w.org\/{rel}","templated":true}]}}