{"id":825,"date":"2025-10-20T15:57:45","date_gmt":"2025-10-20T13:57:45","guid":{"rendered":"https:\/\/www.fallerfinance.com\/faq\/mein-auto\/"},"modified":"2025-11-03T16:50:03","modified_gmt":"2025-11-03T15:50:03","slug":"mein-auto","status":"publish","type":"page","link":"https:\/\/www.fallerfinance.com\/de\/faq\/mein-auto\/","title":{"rendered":"Mein Auto"},"content":{"rendered":"<p>[et_pb_section fb_built=&#8220;1&#8243; _builder_version=&#8220;4.27.4&#8243; _module_preset=&#8220;default&#8220; background_color=&#8220;#DBC078&#8243; use_background_color_gradient=&#8220;on&#8220; background_color_gradient_stops=&#8220;rgba(0,0,0,0.4) 0%|rgba(0,0,0,0.4) 100%&#8220; background_color_gradient_overlays_image=&#8220;on&#8220; background_image=&#8220;https:\/\/www.fallerfinance.com\/wp-content\/uploads\/2025\/08\/faller-finances-background-equipe.webp&#8220; parallax=&#8220;on&#8220; custom_padding=&#8220;100px|20px|80px|20px|false|true&#8220; global_colors_info=&#8220;{}&#8220; theme_builder_area=&#8220;post_content&#8220;][et_pb_row _builder_version=&#8220;4.27.4&#8243; _module_preset=&#8220;default&#8220; global_colors_info=&#8220;{}&#8220; theme_builder_area=&#8220;post_content&#8220;][et_pb_column type=&#8220;4_4&#8243; _builder_version=&#8220;4.27.4&#8243; _module_preset=&#8220;default&#8220; global_colors_info=&#8220;{}&#8220; theme_builder_area=&#8220;post_content&#8220;][et_pb_post_title meta=&#8220;off&#8220; featured_image=&#8220;off&#8220; _builder_version=&#8220;4.27.4&#8243; _module_preset=&#8220;default&#8220; title_text_color=&#8220;#FFFFFF&#8220; title_font_size=&#8220;40px&#8220; background_color=&#8220;RGBA(255,255,255,0)&#8220; text_orientation=&#8220;center&#8220; custom_margin=&#8220;||0px||false|false&#8220; global_colors_info=&#8220;{}&#8220; theme_builder_area=&#8220;post_content&#8220;][\/et_pb_post_title][dsm_breadcrumbs home_text=&#8220; &#8220; home_icon=&#8220;&#xe074;||divi||400&#8243; align=&#8220;center&#8220; _builder_version=&#8220;4.27.4&#8243; _module_preset=&#8220;default&#8220; items_text_color=&#8220;#DBC078&#8243; home_icon_text_color=&#8220;#DBC078&#8243; separators_text_color=&#8220;#DBC078&#8243; current_text_color=&#8220;#FFFFFF&#8220; custom_margin=&#8220;0px||||false|false&#8220; global_colors_info=&#8220;{}&#8220; theme_builder_area=&#8220;post_content&#8220;][\/dsm_breadcrumbs][\/et_pb_column][\/et_pb_row][\/et_pb_section][et_pb_section fb_built=&#8220;1&#8243; custom_padding_last_edited=&#8220;on|phone&#8220; _builder_version=&#8220;4.27.4&#8243; _module_preset=&#8220;default&#8220; background_color=&#8220;#15171C&#8220; custom_padding=&#8220;100px|20px|0px|20px|false|true&#8220; custom_padding_tablet=&#8220;70px||||false|true&#8220; custom_padding_phone=&#8220;50px||||false|true&#8220; global_colors_info=&#8220;{}&#8220; theme_builder_area=&#8220;post_content&#8220;][et_pb_row _builder_version=&#8220;4.27.4&#8243; _module_preset=&#8220;default&#8220; max_width=&#8220;800px&#8220; max_width_tablet=&#8220;100%&#8220; max_width_phone=&#8220;100%&#8220; max_width_last_edited=&#8220;on|desktop&#8220; global_colors_info=&#8220;{}&#8220; theme_builder_area=&#8220;post_content&#8220;][et_pb_column type=&#8220;4_4&#8243; _builder_version=&#8220;4.27.4&#8243; _module_preset=&#8220;default&#8220; global_colors_info=&#8220;{}&#8220; theme_builder_area=&#8220;post_content&#8220;][et_pb_text _builder_version=&#8220;4.27.4&#8243; _module_preset=&#8220;default&#8220; header_2_text_color=&#8220;#DBC078&#8243; header_2_font_size=&#8220;24px&#8220; hover_enabled=&#8220;0&#8243; global_colors_info=&#8220;{}&#8220; theme_builder_area=&#8220;post_content&#8220; sticky_enabled=&#8220;0&#8243;]<\/p>\n<h2>Kann ich mein franz\u00f6sisches Auto nach Deutschland importieren?<\/h2>\n<p><\/p>\n<p style=\"margin-bottom:40px;\">Ja. Wenn Sie sich in Deutschland niederlassen, k\u00f6nnen Sie Ihr Fahrzeug importieren. Sie m\u00fcssen es jedoch innerhalb von 6 Monaten nach Ihrer Ankunft anmelden und zulassen (Zulassung), es sei denn, es handelt sich um ein Miet- oder Firmenfahrzeug.  <\/p>\n<h2>Welche Schritte sind f\u00fcr die Zulassung eines ausl\u00e4ndischen Autos erforderlich?<\/h2>\n<p><\/p>\n<p>Sie m\u00fcssen vorlegen:<\/p>\n<p><\/p>\n<ul>\n<li>Den franz\u00f6sischen Fahrzeugschein (Fahrzeugschein)<\/li>\n<li>Einen Kaufnachweis oder eine Konformit\u00e4tsbescheinigung (COC)<\/li>\n<li>Eine deutsche Versicherung (Versicherungsnachweis: eVB) \u2013 Faller Finance k\u00fcmmert sich darum<\/li>\n<li>Die deutsche Hauptuntersuchung (T\u00dcV)<\/li>\n<li>Ihre Anmeldung (Adressnachweis)<\/li>\n<\/ul>\n<p><\/p>\n<p style=\"margin-bottom:40px;\">\u2192 Die Zulassung erfolgt bei der Zulassungsstelle, mit einer Geb\u00fchr von etwa 30 bis 50 \u20ac.<\/p>\n<h2>Muss ich die Hauptuntersuchung (T\u00dcV) erneut machen?<\/h2>\n<p><\/p>\n<p style=\"margin-bottom:40px;\">Ja. Die deutsche Hauptuntersuchung (T\u00dcV) ist f\u00fcr jede Zulassung obligatorisch. Wenn Ihre franz\u00f6sische Hauptuntersuchung noch aktuell ist, kann sie manchmal vor\u00fcbergehend akzeptiert werden, aber die deutsche Norm ist strenger.  <\/p>\n<h2>Muss man die Kennzeichen wechseln?<\/h2>\n<p><\/p>\n<p style=\"margin-bottom:40px;\">Ja, sobald Ihr Auto in Deutschland zugelassen ist, tr\u00e4gt es deutsche Kennzeichen. Die franz\u00f6sischen Kennzeichen werden ung\u00fcltig. <\/p>\n<h2>Welche Autoversicherung sollte man in Deutschland w\u00e4hlen?<\/h2>\n<p><\/p>\n<p>Die deutsche Autoversicherung (Kfz-Versicherung) ist obligatorisch. Es gibt drei Stufen: <\/p>\n<p><\/p>\n<ul>\n<li><strong>Haftpflicht<\/strong> (Haftpflichtversicherung): obligatorisch, deckt Sch\u00e4den ab, die anderen zugef\u00fcgt werden.<\/li>\n<li><strong>Teilkasko<\/strong>: deckt zus\u00e4tzlich Diebstahl, Brand, Glasbruch, Natursch\u00e4den ab.<\/li>\n<li><strong>Vollkasko<\/strong>: deckt auch Sch\u00e4den an Ihrem eigenen Fahrzeug ab, selbst bei Eigenverschulden.<\/li>\n<\/ul>\n<p><\/p>\n<p style=\"margin-bottom:40px;\">\ud83d\udc49 Faller Finance hilft Ihnen, Vertr\u00e4ge zu vergleichen, um den besten Schutz zum besten Preis zu finden.<\/p>\n<h2>Wie wird der Preis der Autoversicherung in Deutschland berechnet?<\/h2>\n<p><\/p>\n<p style=\"margin-bottom:40px;\">Der Tarif h\u00e4ngt vom Fahrzeugtyp, dem Wohnort, Ihrer Schadenfreiheitsklasse (Schadenfreiheitsklasse) und der j\u00e4hrlichen Kilometerleistung ab. \u00dcber unsere Kanzlei kann Ihre franz\u00f6sische Versicherungshistorie anerkannt werden, um einen besseren Tarif zu erhalten. <\/p>\n<h2>Darf ich mit meinem franz\u00f6sischen F\u00fchrerschein fahren?<\/h2>\n<p><\/p>\n<p style=\"margin-bottom:40px;\">Ja. Der franz\u00f6sische F\u00fchrerschein wird in Deutschland anerkannt. Sie k\u00f6nnen ihn unbegrenzt nutzen, solange er g\u00fcltig ist. Bei Verlust oder Entzug erfolgen die Schritte bei den deutschen Beh\u00f6rden.   <\/p>\n<h2>Muss ich eine Kraftfahrzeugsteuer (Kfz-Steuer) zahlen?<\/h2>\n<p><\/p>\n<p>Ja. Jedes in Deutschland zugelassene Auto unterliegt der Kfz-Steuer, die berechnet wird nach: <\/p>\n<p><\/p>\n<ul>\n<li>Dem Hubraum,<\/li>\n<li>Der Kraftstoffart,<\/li>\n<li>Und den CO\u2082-Emissionen.<\/li>\n<\/ul>\n<p><\/p>\n<p style=\"margin-bottom:40px;\">Diese Steuer wird einmal j\u00e4hrlich automatisch vom Hauptzollamt eingezogen.<\/p>\n<h2>Ist es m\u00f6glich, Autokosten von der Steuer abzusetzen?<\/h2>\n<p><\/p>\n<p>Ja, wenn Sie Ihr Fahrzeug beruflich nutzen (Selbstst\u00e4ndiger, Berater, Vertriebsmitarbeiter\u2026). Sie k\u00f6nnen absetzen: <\/p>\n<p><\/p>\n<ul>\n<li>Die Kraftstoffkosten,<\/li>\n<li>Wartungen \/ Reparaturen,<\/li>\n<li>Die Abschreibung des Fahrzeugs,<\/li>\n<li>Oder eine Kilometerpauschale (0,30 \u20ac\/km).<\/li>\n<\/ul>\n<p><\/p>\n<p style=\"margin-bottom:40px;\">\ud83d\udca1 Faller Finance hilft Ihnen, die vorteilhafteste Methode entsprechend Ihrer T\u00e4tigkeit und Ihrem Steuerstatus zu w\u00e4hlen.<\/p>\n<h2>Was tun bei einem Unfall?<\/h2>\n<p><\/p>\n<p>Im Falle eines Unfalls:<\/p>\n<p><\/p>\n<ul>\n<li>Notieren Sie die Kontaktdaten der Beteiligten.<\/li>\n<li>Machen Sie Fotos.<\/li>\n<li>Kontaktieren Sie Ihre Versicherung vor jeder Reparatur.<\/li>\n<\/ul>\n<p><\/p>\n<p style=\"margin-bottom:40px;\">Wenn der Schaden eine geteilte Verantwortung oder eine grenz\u00fcberschreitende Situation beinhaltet, k\u00f6nnen Faller Finance und seine Partner Ihnen helfen, die Meldung und Erstattung bei deutschen oder franz\u00f6sischen Versicherern zu regeln.<\/p>\n<h2>Wie verkaufe oder melde ich mein Fahrzeug in Deutschland ab?<\/h2>\n<p><\/p>\n<p>Der Verkauf oder die Abmeldung (Abmeldung) erfolgt bei der Zulassungsstelle. Der Kaufvertrag (Kaufvertrag) und das Kennzeichen sind abzugeben. <\/p>\n<p><\/p>\n<p style=\"margin-bottom:40px;\">Im Falle einer R\u00fcckkehr nach Frankreich k\u00f6nnen Sie ein tempor\u00e4res Exportkennzeichen (Ausfuhrkennzeichen) beantragen, um das Fahrzeug zur\u00fcckzuf\u00fchren.<\/p>\n<h2>Wie kann Faller Finance mir helfen?<\/h2>\n<p><\/p>\n<p>Faller Finance unterst\u00fctzt Expatriates bei:<\/p>\n<p><\/p>\n<ul>\n<li>Vergleich und Optimierung ihrer Autoversicherung,<\/li>\n<li>Steuerlicher Abzug von fahrzeugbezogenen Kosten,<\/li>\n<li>Begleitung bei Zulassungs- oder Abmeldeverfahren,<\/li>\n<li>Bearbeitung von Schadensf\u00e4llen bei der Versicherung.<\/li>\n<\/ul>\n<p>[\/et_pb_text][\/et_pb_column][\/et_pb_row][\/et_pb_section]<\/p>\n","protected":false},"excerpt":{"rendered":"<p><div class=\"et_pb_module dsm_breadcrumbs dsm_breadcrumbs_0\">\n\t\t\t\t\n\t\t\t\t\n\t\t\t\t\n\t\t\t\t\n\t\t\t\t\n\t\t\t\t\n\t\t\t\t<div class=\"et_pb_module_inner\">\n\t\t\t\t\t<nav class=\"dsm_breadcrumbs_wrap\">\n\t\t\t\t<ul class=\"dsm_breadcrumbs\" itemscope itemtype=\"https:\/\/schema.org\/BreadcrumbList\">\t\t\t<li class=\"dsm_breadcrumbs_item dsm_home_item dsm_home_item_custom\" itemprop=\"itemListElement\" itemscope\n\t\t\titemtype=\"https:\/\/schema.org\/ListItem\">\n\t\t\t\t<a href=\"https:\/\/www.fallerfinance.com\/de\/\" itemprop=\"item\" target=\"\">\n\t\t\t\t\t<span class='dsm_home_text_wrapper'>\n\t\t\t\t\t\t\t\t\t\t\t\t\t<span class=\"et-pb-icon dsm_home_icon\">&#xe074;<\/span>\n\t\t\t\t\t\t\t\t\t\t\t\t\t<span class=\"dsm_home_text\" itemprop=\"name\">\n\t\t\t\t\t\t\t\t \t\t\t\t\t\t\t<\/span>\n\t\t\t\t\t<\/span>\n\t\t\t\t<\/a>\n\t\t\t\t<meta itemprop=\"position\" content=\"1\" \/>\n\t\t\t<\/li>\n\n\t\t<li class=\"dsm_breadcrumbs_separator\"> <span class=\"et-pb-icon dsm_separator_icon\">5<\/span><\/li><\/ul>\n\t\t\t<\/nav>\n\t\t\t\t<\/div>\n\t\t\t<\/div>Kann ich mein franz\u00f6sisches Auto nach Deutschland importieren?Ja. Wenn Sie sich in Deutschland niederlassen, k\u00f6nnen Sie Ihr Fahrzeug importieren. Sie m\u00fcssen es jedoch innerhalb von 6 Monaten nach Ihrer Ankunft anmelden und zulassen (Zulassung), es sei denn, es handelt sich um ein Miet- oder Firmenfahrzeug. Welche Schritte sind f\u00fcr die Zulassung eines ausl\u00e4ndischen Autos erforderlich?Sie m\u00fcssen vorlegen: Den franz\u00f6sischen Fahrzeugschein (Fahrzeugschein) Einen Kaufnachweis oder eine Konformit\u00e4tsbescheinigung (COC) Eine deutsche Versicherung (Versicherungsnachweis: eVB) \u2013 Faller Finance k\u00fcmmert sich darum Die deutsche Hauptuntersuchung (T\u00dcV) Ihre Anmeldung (Adressnachweis) \u2192 Die Zulassung erfolgt bei der Zulassungsstelle, mit einer Geb\u00fchr von etwa 30 bis 50 \u20ac.Muss ich die Hauptuntersuchung (T\u00dcV) erneut machen?Ja. Die deutsche Hauptuntersuchung (T\u00dcV) ist f\u00fcr jede Zulassung obligatorisch. Wenn Ihre franz\u00f6sische Hauptuntersuchung noch aktuell ist, kann sie manchmal vor\u00fcbergehend akzeptiert werden, aber die deutsche Norm ist strenger. Muss man die Kennzeichen wechseln?Ja, sobald Ihr Auto in Deutschland zugelassen ist, tr\u00e4gt es deutsche Kennzeichen. Die franz\u00f6sischen Kennzeichen werden ung\u00fcltig. Welche Autoversicherung sollte man in Deutschland w\u00e4hlen?Die deutsche Autoversicherung (Kfz-Versicherung) ist obligatorisch. Es gibt drei Stufen: Haftpflicht (Haftpflichtversicherung): obligatorisch, deckt Sch\u00e4den ab, die anderen zugef\u00fcgt werden. Teilkasko: deckt zus\u00e4tzlich Diebstahl, Brand, [&hellip;]<\/p>\n","protected":false},"author":1,"featured_media":0,"parent":652,"menu_order":0,"comment_status":"closed","ping_status":"closed","template":"","meta":{"_et_pb_use_builder":"on","_et_pb_old_content":"","_et_gb_content_width":"","footnotes":""},"class_list":["post-825","page","type-page","status-publish","hentry"],"yoast_head":"<!-- This site is optimized with the Yoast SEO plugin v27.5 - https:\/\/yoast.com\/product\/yoast-seo-wordpress\/ -->\n<title>Auto in Deutschland \u2013 die wichtigsten Schritte | Faller Finance<\/title>\n<meta name=\"description\" content=\"Auto in Deutschland: Fahrzeugimport, Zulassung, F\u00fchrerschein\u2026 Alles, was Sie wissen m\u00fcssen, um als Expatriate legal unterwegs zu sein.\" \/>\n<meta name=\"robots\" content=\"index, follow, max-snippet:-1, max-image-preview:large, max-video-preview:-1\" \/>\n<link rel=\"canonical\" href=\"https:\/\/www.fallerfinance.com\/de\/faq\/mein-auto\/\" \/>\n<meta property=\"og:locale\" content=\"de_DE\" \/>\n<meta property=\"og:type\" content=\"article\" \/>\n<meta property=\"og:title\" content=\"Auto in Deutschland \u2013 die wichtigsten Schritte | Faller Finance\" \/>\n<meta property=\"og:description\" content=\"Auto in Deutschland: Fahrzeugimport, Zulassung, F\u00fchrerschein\u2026 Alles, was Sie wissen m\u00fcssen, um als Expatriate legal unterwegs zu sein.\" \/>\n<meta property=\"og:url\" content=\"https:\/\/www.fallerfinance.com\/de\/faq\/mein-auto\/\" \/>\n<meta property=\"og:site_name\" content=\"Faller Finance\" \/>\n<meta property=\"article:modified_time\" content=\"2025-11-03T15:50:03+00:00\" \/>\n<meta name=\"twitter:card\" content=\"summary_large_image\" \/>\n<meta name=\"twitter:label1\" content=\"Gesch\u00e4tzte Lesezeit\" \/>\n\t<meta name=\"twitter:data1\" content=\"4\u00a0Minuten\" \/>\n<script type=\"application\/ld+json\" class=\"yoast-schema-graph\">{\"@context\":\"https:\\\/\\\/schema.org\",\"@graph\":[{\"@type\":\"WebPage\",\"@id\":\"https:\\\/\\\/www.fallerfinance.com\\\/de\\\/faq\\\/mein-auto\\\/\",\"url\":\"https:\\\/\\\/www.fallerfinance.com\\\/de\\\/faq\\\/mein-auto\\\/\",\"name\":\"Auto in Deutschland \u2013 die wichtigsten Schritte | Faller Finance\",\"isPartOf\":{\"@id\":\"https:\\\/\\\/www.fallerfinance.com\\\/de\\\/#website\"},\"datePublished\":\"2025-10-20T13:57:45+00:00\",\"dateModified\":\"2025-11-03T15:50:03+00:00\",\"description\":\"Auto in Deutschland: Fahrzeugimport, Zulassung, F\u00fchrerschein\u2026 Alles, was Sie wissen m\u00fcssen, um als Expatriate legal unterwegs zu sein.\",\"breadcrumb\":{\"@id\":\"https:\\\/\\\/www.fallerfinance.com\\\/de\\\/faq\\\/mein-auto\\\/#breadcrumb\"},\"inLanguage\":\"de\",\"potentialAction\":[{\"@type\":\"ReadAction\",\"target\":[\"https:\\\/\\\/www.fallerfinance.com\\\/de\\\/faq\\\/mein-auto\\\/\"]}]},{\"@type\":\"BreadcrumbList\",\"@id\":\"https:\\\/\\\/www.fallerfinance.com\\\/de\\\/faq\\\/mein-auto\\\/#breadcrumb\",\"itemListElement\":[{\"@type\":\"ListItem\",\"position\":1,\"name\":\"Startseite\",\"item\":\"https:\\\/\\\/www.fallerfinance.com\\\/de\\\/\"},{\"@type\":\"ListItem\",\"position\":2,\"name\":\"FAQ\",\"item\":\"https:\\\/\\\/www.fallerfinance.com\\\/de\\\/faq\\\/\"},{\"@type\":\"ListItem\",\"position\":3,\"name\":\"Mein Auto\"}]},{\"@type\":\"WebSite\",\"@id\":\"https:\\\/\\\/www.fallerfinance.com\\\/de\\\/#website\",\"url\":\"https:\\\/\\\/www.fallerfinance.com\\\/de\\\/\",\"name\":\"Faller Finance\",\"description\":\"\",\"potentialAction\":[{\"@type\":\"SearchAction\",\"target\":{\"@type\":\"EntryPoint\",\"urlTemplate\":\"https:\\\/\\\/www.fallerfinance.com\\\/de\\\/?s={search_term_string}\"},\"query-input\":{\"@type\":\"PropertyValueSpecification\",\"valueRequired\":true,\"valueName\":\"search_term_string\"}}],\"inLanguage\":\"de\"}]}<\/script>\n<!-- \/ Yoast SEO plugin. -->","yoast_head_json":{"title":"Auto in Deutschland \u2013 die wichtigsten Schritte | Faller Finance","description":"Auto in Deutschland: Fahrzeugimport, Zulassung, F\u00fchrerschein\u2026 Alles, was Sie wissen m\u00fcssen, um als Expatriate legal unterwegs zu sein.","robots":{"index":"index","follow":"follow","max-snippet":"max-snippet:-1","max-image-preview":"max-image-preview:large","max-video-preview":"max-video-preview:-1"},"canonical":"https:\/\/www.fallerfinance.com\/de\/faq\/mein-auto\/","og_locale":"de_DE","og_type":"article","og_title":"Auto in Deutschland \u2013 die wichtigsten Schritte | Faller Finance","og_description":"Auto in Deutschland: Fahrzeugimport, Zulassung, F\u00fchrerschein\u2026 Alles, was Sie wissen m\u00fcssen, um als Expatriate legal unterwegs zu sein.","og_url":"https:\/\/www.fallerfinance.com\/de\/faq\/mein-auto\/","og_site_name":"Faller Finance","article_modified_time":"2025-11-03T15:50:03+00:00","twitter_card":"summary_large_image","twitter_misc":{"Gesch\u00e4tzte Lesezeit":"4\u00a0Minuten"},"schema":{"@context":"https:\/\/schema.org","@graph":[{"@type":"WebPage","@id":"https:\/\/www.fallerfinance.com\/de\/faq\/mein-auto\/","url":"https:\/\/www.fallerfinance.com\/de\/faq\/mein-auto\/","name":"Auto in Deutschland \u2013 die wichtigsten Schritte | Faller Finance","isPartOf":{"@id":"https:\/\/www.fallerfinance.com\/de\/#website"},"datePublished":"2025-10-20T13:57:45+00:00","dateModified":"2025-11-03T15:50:03+00:00","description":"Auto in Deutschland: Fahrzeugimport, Zulassung, F\u00fchrerschein\u2026 Alles, was Sie wissen m\u00fcssen, um als Expatriate legal unterwegs zu sein.","breadcrumb":{"@id":"https:\/\/www.fallerfinance.com\/de\/faq\/mein-auto\/#breadcrumb"},"inLanguage":"de","potentialAction":[{"@type":"ReadAction","target":["https:\/\/www.fallerfinance.com\/de\/faq\/mein-auto\/"]}]},{"@type":"BreadcrumbList","@id":"https:\/\/www.fallerfinance.com\/de\/faq\/mein-auto\/#breadcrumb","itemListElement":[{"@type":"ListItem","position":1,"name":"Startseite","item":"https:\/\/www.fallerfinance.com\/de\/"},{"@type":"ListItem","position":2,"name":"FAQ","item":"https:\/\/www.fallerfinance.com\/de\/faq\/"},{"@type":"ListItem","position":3,"name":"Mein Auto"}]},{"@type":"WebSite","@id":"https:\/\/www.fallerfinance.com\/de\/#website","url":"https:\/\/www.fallerfinance.com\/de\/","name":"Faller Finance","description":"","potentialAction":[{"@type":"SearchAction","target":{"@type":"EntryPoint","urlTemplate":"https:\/\/www.fallerfinance.com\/de\/?s={search_term_string}"},"query-input":{"@type":"PropertyValueSpecification","valueRequired":true,"valueName":"search_term_string"}}],"inLanguage":"de"}]}},"_links":{"self":[{"href":"https:\/\/www.fallerfinance.com\/de\/wp-json\/wp\/v2\/pages\/825","targetHints":{"allow":["GET"]}}],"collection":[{"href":"https:\/\/www.fallerfinance.com\/de\/wp-json\/wp\/v2\/pages"}],"about":[{"href":"https:\/\/www.fallerfinance.com\/de\/wp-json\/wp\/v2\/types\/page"}],"author":[{"embeddable":true,"href":"https:\/\/www.fallerfinance.com\/de\/wp-json\/wp\/v2\/users\/1"}],"replies":[{"embeddable":true,"href":"https:\/\/www.fallerfinance.com\/de\/wp-json\/wp\/v2\/comments?post=825"}],"version-history":[{"count":0,"href":"https:\/\/www.fallerfinance.com\/de\/wp-json\/wp\/v2\/pages\/825\/revisions"}],"up":[{"embeddable":true,"href":"https:\/\/www.fallerfinance.com\/de\/wp-json\/wp\/v2\/pages\/652"}],"wp:attachment":[{"href":"https:\/\/www.fallerfinance.com\/de\/wp-json\/wp\/v2\/media?parent=825"}],"curies":[{"name":"wp","href":"https:\/\/api.w.org\/{rel}","templated":true}]}}