{"id":746,"date":"2025-10-26T10:36:26","date_gmt":"2025-10-26T09:36:26","guid":{"rendered":"https:\/\/www.fallerfinance.com\/sarah-ameurlaine\/"},"modified":"2025-11-02T11:22:48","modified_gmt":"2025-11-02T10:22:48","slug":"sarah-ameurlaine","status":"publish","type":"page","link":"https:\/\/www.fallerfinance.com\/de\/sarah-ameurlaine\/","title":{"rendered":"Sarah AMEURLAINE"},"content":{"rendered":"<p>[et_pb_section fb_built=&#8220;1&#8243; _builder_version=&#8220;4.27.4&#8243; _module_preset=&#8220;default&#8220; background_color=&#8220;#15171C&#8220; custom_padding=&#8220;70px|20px|0px|20px|false|true&#8220; global_colors_info=&#8220;{}&#8220;][et_pb_row column_structure=&#8220;1_2,1_2&#8243; _builder_version=&#8220;4.27.4&#8243; _module_preset=&#8220;default&#8220; custom_css_main_element=&#8220;align-items: center;&#8220; global_colors_info=&#8220;{}&#8220;][et_pb_column type=&#8220;1_2&#8243; _builder_version=&#8220;4.27.4&#8243; _module_preset=&#8220;default&#8220; global_colors_info=&#8220;{}&#8220;][et_pb_text disabled_on=&#8220;off|off|off&#8220; _builder_version=&#8220;4.27.4&#8243; _module_preset=&#8220;default&#8220; header_text_color=&#8220;#DBC078&#8243; header_font_size=&#8220;40px&#8220; custom_margin=&#8220;||10px||false|false&#8220; hover_enabled=&#8220;0&#8243; global_colors_info=&#8220;{}&#8220; sticky_enabled=&#8220;0&#8243;]<\/p>\n<h1>Sarah AMEURLAINE<\/h1>\n<h2>Leiterin Marketing und Kommunikation<\/h2>\n<p><strong>\ud83d\udccd Frankfurt<\/strong><\/p>\n<p>[\/et_pb_text][et_pb_text disabled_on=&#8220;on|on|on&#8220; _builder_version=&#8220;4.27.4&#8243; _module_preset=&#8220;default&#8220; header_text_color=&#8220;#DBC078&#8243; header_font_size=&#8220;40px&#8220; custom_margin=&#8220;||10px||false|false&#8220; disabled=&#8220;on&#8220; global_colors_info=&#8220;{}&#8220;]<\/p>\n<h1>Sarah AMEURLAINE<\/h1>\n<h2>Leiterin Marketing und Kommunikation<\/h2>\n<p><a href=\"https:\/\/www.boinot-finances.com\/\" target=\"_blank\" rel=\"noopener\">www.boinot-finances.com<\/a><\/p>\n<p>[\/et_pb_text][et_pb_social_media_follow use_icon_font_size=&#8220;on&#8220; icon_font_size=&#8220;20px&#8220; disabled_on=&#8220;off|off|off&#8220; _builder_version=&#8220;4.27.4&#8243; _module_preset=&#8220;default&#8220; custom_margin=&#8220;5px||||false|false&#8220; border_radii=&#8220;on|63px|63px|63px|63px&#8220; global_colors_info=&#8220;{}&#8220;][et_pb_social_media_follow_network social_network=&#8220;linkedin&#8220; url=&#8220;https:\/\/www.linkedin.com\/in\/sarah-ameurlaine-20a408197\/&#8220; _builder_version=&#8220;4.27.4&#8243; _module_preset=&#8220;default&#8220; background_color=&#8220;#007bb6&#8243; global_colors_info=&#8220;{}&#8220; follow_button=&#8220;off&#8220; url_new_window=&#8220;on&#8220;]linkedin[\/et_pb_social_media_follow_network][\/et_pb_social_media_follow][et_pb_image src=&#8220;https:\/\/www.fallerfinance.com\/wp-content\/uploads\/2025\/08\/faller-finances-quote.webp&#8220; title_text=&#8220;faller-finances-quote&#8220; _builder_version=&#8220;4.27.4&#8243; _module_preset=&#8220;default&#8220; width=&#8220;45px&#8220; width_tablet=&#8220;45px&#8220; width_phone=&#8220;50px&#8220; width_last_edited=&#8220;on|tablet&#8220; custom_margin=&#8220;||0px||false|false&#8220; global_colors_info=&#8220;{}&#8220;][\/et_pb_image][et_pb_text _builder_version=&#8220;4.27.4&#8243; _module_preset=&#8220;default&#8220; text_font=&#8220;||on||||||&#8220; text_font_size=&#8220;28px&#8220; text_line_height=&#8220;1.2em&#8220; custom_margin=&#8220;10px||||false|false&#8220; global_colors_info=&#8220;{}&#8220;]Ich steigere die Sichtbarkeit von Faller Finance bei franz\u00f6sischen Expats in Deutschland, indem ich die Kommunikation und die Content-Erstellung steuere. Meine Aufgabe ist es, unsere Bekanntheit zu st\u00e4rken und neue qualifizierte Kunden zu gewinnen.[\/et_pb_text][et_pb_text _builder_version=&#8220;4.27.4&#8243; _module_preset=&#8220;default&#8220; header_3_text_color=&#8220;#DBC078&#8243; header_3_font_size=&#8220;24px&#8220; custom_margin=&#8220;50px||||false|false&#8220; global_colors_info=&#8220;{}&#8220;]<\/p>\n<h3>Spezialgebiete \/ Fachgebiete<\/h3>\n<ul>\n<li>Marketingstrategie und digitale Kommunikation<\/li>\n<li>Content-Erstellung und Storytelling<\/li>\n<li>Webprojektmanagement und soziale Medien<\/li>\n<li>Digitale Akquise und Kundengewinnung<\/li>\n<\/ul>\n<h3>Beruflicher Werdegang \/ Abschl\u00fcsse:<\/h3>\n<ul>\n<li>Nach mehreren Erfahrungen im digitalen Marketing und in der Kommunikation bin ich zu Faller Finance gekommen, um meine F\u00e4higkeiten in den Dienst eines menschlichen Projekts zu stellen, das auf Vertrauen und Transparenz basiert.\n<\/li>\n<li>Ich habe eine Ausbildung im Bereich Marketing und Kommunikationsstrategie absolviert, kombiniert mit einer nat\u00fcrlichen Affinit\u00e4t f\u00fcr Design und Innovation.<\/li>\n<\/ul>\n<p>[\/et_pb_text][\/et_pb_column][et_pb_column type=&#8220;1_2&#8243; _builder_version=&#8220;4.27.4&#8243; _module_preset=&#8220;default&#8220; global_colors_info=&#8220;{}&#8220;][et_pb_image src=&#8220;https:\/\/www.fallerfinance.com\/wp-content\/uploads\/2025\/10\/sarah-ameurlaine.webp&#8220; alt=&#8220;sarah-ameurlaine&#8220; title_text=&#8220;sarah-ameurlaine&#8220; _builder_version=&#8220;4.27.4&#8243; _module_preset=&#8220;default&#8220; hover_enabled=&#8220;0&#8243; border_radii=&#8220;off|||80px|&#8220; global_colors_info=&#8220;{}&#8220; sticky_enabled=&#8220;0&#8243;][\/et_pb_image][\/et_pb_column][\/et_pb_row][et_pb_row column_structure=&#8220;1_2,1_2&#8243; _builder_version=&#8220;4.27.4&#8243; _module_preset=&#8220;default&#8220; background_color=&#8220;RGBA(255,255,255,0)&#8220; custom_margin=&#8220;50px||||false|false&#8220; global_colors_info=&#8220;{}&#8220;][et_pb_column type=&#8220;1_2&#8243; _builder_version=&#8220;4.27.4&#8243; _module_preset=&#8220;default&#8220; global_colors_info=&#8220;{}&#8220;][et_pb_text _builder_version=&#8220;4.27.4&#8243; _module_preset=&#8220;default&#8220; header_3_text_color=&#8220;#DBC078&#8243; header_3_font_size=&#8220;24px&#8220; custom_margin=&#8220;||||false|false&#8220; global_colors_info=&#8220;{}&#8220;]<\/p>\n<h3 data-start=\"103\" data-end=\"396\">\u00dcber uns<\/h3>\n<p>Ich bin leidenschaftlich an Malerei, Videospielen und Tieren interessiert. Diese Aktivit\u00e4ten n\u00e4hren sowohl meine Kreativit\u00e4t als auch meinen Sinn f\u00fcr Neugier. Sie helfen mir, ein Gleichgewicht zwischen Pr\u00e4zision und Vorstellungskraft zu bewahren.  <\/p>\n<p>[\/et_pb_text][\/et_pb_column][et_pb_column type=&#8220;1_2&#8243; _builder_version=&#8220;4.27.4&#8243; _module_preset=&#8220;default&#8220; global_colors_info=&#8220;{}&#8220;][et_pb_text _builder_version=&#8220;4.27.4&#8243; _module_preset=&#8220;default&#8220; header_3_text_color=&#8220;#DBC078&#8243; header_3_font_size=&#8220;24px&#8220; custom_margin=&#8220;||||false|false&#8220; global_colors_info=&#8220;{}&#8220;]<\/p>\n<h3 data-start=\"103\" data-end=\"396\">Wie ich Ihnen helfen kann<\/h3>\n<ul>\n<li>Klarere, regelm\u00e4\u00dfigere und zug\u00e4nglichere Inhalte bereitstellen<\/li>\n<li>Visuelle Elemente hinzuf\u00fcgen, um das Verst\u00e4ndnis zu erleichtern<\/li>\n<li>Die Benutzererfahrung verbessern<\/li>\n<\/ul>\n<p>[\/et_pb_text][et_pb_button button_url=&#8220;https:\/\/www.linkedin.com\/in\/sarah-ameurlaine-20a408197\/&#8220; url_new_window=&#8220;on&#8220; button_text=&#8220;Sarah kontaktieren&#8220; _builder_version=&#8220;4.27.4&#8243; _module_preset=&#8220;default&#8220; custom_button=&#8220;on&#8220; button_text_size=&#8220;18px&#8220; button_border_radius=&#8220;43px&#8220; button_use_icon=&#8220;off&#8220; custom_padding=&#8220;7px|25px|7px|25px|true|true&#8220; global_colors_info=&#8220;{}&#8220; button_text_color__hover_enabled=&#8220;on|desktop&#8220; button_bg_color__hover_enabled=&#8220;on|hover&#8220; button_border_color__hover_enabled=&#8220;on|hover&#8220; button_border_color__hover=&#8220;#DBC078&#8243; button_bg_color__hover=&#8220;#DBC078&#8243; button_bg_enable_color__hover=&#8220;on&#8220; button_text_color__hover=&#8220;#000000&#8243;][\/et_pb_button][\/et_pb_column][\/et_pb_row][et_pb_row custom_padding_last_edited=&#8220;on|phone&#8220; _builder_version=&#8220;4.27.4&#8243; _module_preset=&#8220;default&#8220; background_color=&#8220;#DBC078&#8243; custom_margin=&#8220;50px||||false|false&#8220; custom_padding=&#8220;30px|150px|30px|150px|true|true&#8220; custom_padding_tablet=&#8220;30px|50px|30px|50px|true|true&#8220; custom_padding_phone=&#8220;|20px||20px|true|true&#8220; global_colors_info=&#8220;{}&#8220;][et_pb_column type=&#8220;4_4&#8243; _builder_version=&#8220;4.27.4&#8243; _module_preset=&#8220;default&#8220; global_colors_info=&#8220;{}&#8220;][dsm_card_carousel slide_to_show=&#8220;1&#8243; autoplay_speed=&#8220;6000&#8243; dots_inactive_color=&#8220;#FFFFFF&#8220; _builder_version=&#8220;4.27.4&#8243; _module_preset=&#8220;default&#8220; global_colors_info=&#8220;{}&#8220;][dsm_card_carousel_child image_as_background=&#8220;off&#8220; button_url_new_window=&#8220;1&#8243; _builder_version=&#8220;4.27.4&#8243; _module_preset=&#8220;default&#8220; body_text_color=&#8220;#000000&#8243; subhead_text_color=&#8220;#000000&#8243; global_colors_info=&#8220;{}&#8220; parent_button=&#8220;off&#8220; parent_header_level=&#8220;h4&#8243;]<\/p>\n<p style=\"text-align: center; font-size: 1.8em; line-height: 1.1em;\">I drink and I know things.<\/p>\n<p style=\"text-align: center;\">Tyrion Lannister (Game of Thrones)<\/p>\n<p>[\/dsm_card_carousel_child][dsm_card_carousel_child image_as_background=&#8220;off&#8220; button_url_new_window=&#8220;1&#8243; _builder_version=&#8220;4.27.4&#8243; _module_preset=&#8220;default&#8220; body_text_color=&#8220;#000000&#8243; subhead_text_color=&#8220;#000000&#8243; global_colors_info=&#8220;{}&#8220; parent_button=&#8220;off&#8220; parent_header_level=&#8220;h4&#8243;]<\/p>\n<p style=\"text-align: center; font-size: 1.8em; line-height: 1.1em;\">Knowledge is love and light and vision.<\/p>\n<p style=\"text-align: center;\">Helen Keller<\/p>\n<p>[\/dsm_card_carousel_child][dsm_card_carousel_child image_as_background=&#8220;off&#8220; button_url_new_window=&#8220;1&#8243; _builder_version=&#8220;4.27.4&#8243; _module_preset=&#8220;default&#8220; body_text_color=&#8220;#000000&#8243; subhead_text_color=&#8220;#000000&#8243; global_colors_info=&#8220;{}&#8220; parent_button=&#8220;off&#8220; parent_header_level=&#8220;h4&#8243;]<\/p>\n<p style=\"text-align: center; font-size: 1.8em; line-height: 1.1em;\">Marketing is no longer about the stuff that you make, but about the stories you tell.<\/p>\n<p style=\"text-align: center;\">Seth Godin<\/p>\n<p>[\/dsm_card_carousel_child][\/dsm_card_carousel][\/et_pb_column][\/et_pb_row][\/et_pb_section]<\/p>\n","protected":false},"excerpt":{"rendered":"<p>Sarah AMEURLAINE Leiterin Marketing und Kommunikation \ud83d\udccd FrankfurtSarah AMEURLAINE Leiterin Marketing und Kommunikation www.boinot-finances.comIch steigere die Sichtbarkeit von Faller Finance bei franz\u00f6sischen Expats in Deutschland, indem ich die Kommunikation und die Content-Erstellung steuere. Meine Aufgabe ist es, unsere Bekanntheit zu st\u00e4rken und neue qualifizierte Kunden zu gewinnen.Spezialgebiete \/ Fachgebiete Marketingstrategie und digitale Kommunikation Content-Erstellung und Storytelling Webprojektmanagement und soziale Medien Digitale Akquise und Kundengewinnung Beruflicher Werdegang \/ Abschl\u00fcsse: Nach mehreren Erfahrungen im digitalen Marketing und in der Kommunikation bin ich zu Faller Finance gekommen, um meine F\u00e4higkeiten in den Dienst eines menschlichen Projekts zu stellen, das auf Vertrauen und Transparenz basiert. Ich habe eine Ausbildung im Bereich Marketing und Kommunikationsstrategie absolviert, kombiniert mit einer nat\u00fcrlichen Affinit\u00e4t f\u00fcr Design und Innovation. \u00dcber uns Ich bin leidenschaftlich an Malerei, Videospielen und Tieren interessiert. Diese Aktivit\u00e4ten n\u00e4hren sowohl meine Kreativit\u00e4t als auch meinen Sinn f\u00fcr Neugier. Sie helfen mir, ein Gleichgewicht zwischen Pr\u00e4zision und Vorstellungskraft zu bewahren. Wie ich Ihnen helfen kann Klarere, regelm\u00e4\u00dfigere und zug\u00e4nglichere Inhalte bereitstellen Visuelle Elemente hinzuf\u00fcgen, um das Verst\u00e4ndnis zu erleichtern Die Benutzererfahrung verbessern <div class=\"et_pb_module dsm_card_carousel dsm_card_carousel_0 dsm_card_carousel_layout_stacked  dsm_card_carousel_arrow_outside dsm_card_carousel_arrow_mobile_inside\">\n\t\t\t\t\n\t\t\t\t\n\t\t\t\t\n\t\t\t\t\n\t\t\t\t\n\t\t\t\t\n\t\t\t\t<div class=\"et_pb_module_inner\">\n\t\t\t\t\t\n\t\t\t\n\t\t\t<div class=\"swiper-container dsm_card_carousel_wrapper\" dir=\"ltr\" data-params=\"[{&quot;direction&quot;:&quot;horizontal&quot;,&quot;effect&quot;:&quot;default&quot;,&quot;slider_effect_shadows&quot;:false,&quot;slider_effect_coverflow_rotate&quot;:&quot;30&quot;,&quot;slider_effect_coverflow_depth&quot;:&quot;0&quot;,&quot;loop&quot;:true,&quot;infinite_smooth_scrolling&quot;:false,&quot;slide_to_show&quot;:&quot;1&quot;,&quot;slide_to_show_tablet&quot;:&quot;1&quot;,&quot;slide_to_show_phone&quot;:&quot;1&quot;,&quot;slide_to_scroll&quot;:&quot;1&quot;,&quot;slide_to_scroll_tablet&quot;:&quot;1&quot;,&quot;slide_to_scroll_phone&quot;:&quot;1&quot;,&quot;space_between&quot;:&quot;15&quot;,&quot;space_between_tablet&quot;:&quot;15&quot;,&quot;space_between_phone&quot;:&quot;15&quot;,&quot;centered_slides&quot;:false,&quot;multiple_slide_row&quot;:&quot;off&quot;,&quot;slide_row&quot;:&quot;1&quot;,&quot;slide_row_tablet&quot;:&quot;1&quot;,&quot;slide_row_phone&quot;:&quot;1&quot;,&quot;speed&quot;:&quot;300&quot;,&quot;autoplay&quot;:true,&quot;autoplay_speed&quot;:&quot;6000&quot;,&quot;autoplay_viewport&quot;:&quot;80%&quot;,&quot;touch_move&quot;:true,&quot;grab&quot;:true,&quot;pause_on_hover&quot;:false,&quot;mousewheel&quot;:false,&quot;auto_height&quot;:false,&quot;equal_height&quot;:false,&quot;equal_height_tablet&quot;:true,&quot;equal_height_phone&quot;:true}]\">\n\t\t\t<div class=\"swiper-wrapper\"><\/div>\n\t\t\t<\/div><div class=\"swiper-button-prev dsm_card_carousel_arrow\" data-icon=\"4\"><\/div><div class=\"swiper-button-next dsm_card_carousel_arrow\" data-icon=\"5\"><\/div><div class=\"swiper-pagination dsm_card_carousel_pagination\"><\/div>\n\t\t\t\t<\/div>\n\t\t\t<\/div><div class=\"dsm_card_carousel_child dsm_card_carousel_child_0 swiper-slide\">\n\t\t\t\t\n\t\t\t\t\n\t\t\t\t\n\t\t\t\t\n\t\t\t\t\n\t\t\t\t\n\t\t\t\t<div class=\"et_pb_module_inner\">\n\t\t\t\t\t\n\t\t\t\n\t\t\t\n\t\t\t\n\t\t\t\t<\/div>\n\t\t\t<\/div>I drink and I know things. Tyrion Lannister (Game [&hellip;]<\/p>\n","protected":false},"author":1,"featured_media":0,"parent":0,"menu_order":0,"comment_status":"closed","ping_status":"closed","template":"","meta":{"_et_pb_use_builder":"on","_et_pb_old_content":"","_et_gb_content_width":"","footnotes":""},"class_list":["post-746","page","type-page","status-publish","hentry"],"yoast_head":"<!-- This site is optimized with the Yoast SEO plugin v27.5 - https:\/\/yoast.com\/product\/yoast-seo-wordpress\/ -->\n<title>Sarah AMEURLAINE - Faller Finance<\/title>\n<meta name=\"robots\" content=\"index, follow, max-snippet:-1, max-image-preview:large, max-video-preview:-1\" \/>\n<link rel=\"canonical\" href=\"https:\/\/www.fallerfinance.com\/de\/sarah-ameurlaine\/\" \/>\n<meta property=\"og:locale\" content=\"de_DE\" \/>\n<meta property=\"og:type\" content=\"article\" \/>\n<meta property=\"og:title\" content=\"Sarah AMEURLAINE - Faller Finance\" \/>\n<meta property=\"og:description\" content=\"Sarah AMEURLAINE Leiterin Marketing und Kommunikation \ud83d\udccd FrankfurtSarah AMEURLAINE Leiterin Marketing und Kommunikation www.boinot-finances.comIch steigere die Sichtbarkeit von Faller Finance bei franz\u00f6sischen Expats in Deutschland, indem ich die Kommunikation und die Content-Erstellung steuere. Meine Aufgabe ist es, unsere Bekanntheit zu st\u00e4rken und neue qualifizierte Kunden zu gewinnen.Spezialgebiete \/ Fachgebiete Marketingstrategie und digitale Kommunikation Content-Erstellung und Storytelling Webprojektmanagement und soziale Medien Digitale Akquise und Kundengewinnung Beruflicher Werdegang \/ Abschl\u00fcsse: Nach mehreren Erfahrungen im digitalen Marketing und in der Kommunikation bin ich zu Faller Finance gekommen, um meine F\u00e4higkeiten in den Dienst eines menschlichen Projekts zu stellen, das auf Vertrauen und Transparenz basiert. Ich habe eine Ausbildung im Bereich Marketing und Kommunikationsstrategie absolviert, kombiniert mit einer nat\u00fcrlichen Affinit\u00e4t f\u00fcr Design und Innovation. \u00dcber uns Ich bin leidenschaftlich an Malerei, Videospielen und Tieren interessiert. Diese Aktivit\u00e4ten n\u00e4hren sowohl meine Kreativit\u00e4t als auch meinen Sinn f\u00fcr Neugier. Sie helfen mir, ein Gleichgewicht zwischen Pr\u00e4zision und Vorstellungskraft zu bewahren. Wie ich Ihnen helfen kann Klarere, regelm\u00e4\u00dfigere und zug\u00e4nglichere Inhalte bereitstellen Visuelle Elemente hinzuf\u00fcgen, um das Verst\u00e4ndnis zu erleichtern Die Benutzererfahrung verbessern I drink and I know things. Tyrion Lannister (Game [&hellip;]\" \/>\n<meta property=\"og:url\" content=\"https:\/\/www.fallerfinance.com\/de\/sarah-ameurlaine\/\" \/>\n<meta property=\"og:site_name\" content=\"Faller Finance\" \/>\n<meta property=\"article:modified_time\" content=\"2025-11-02T10:22:48+00:00\" \/>\n<meta name=\"twitter:card\" content=\"summary_large_image\" \/>\n<meta name=\"twitter:label1\" content=\"Gesch\u00e4tzte Lesezeit\" \/>\n\t<meta name=\"twitter:data1\" content=\"5\u00a0Minuten\" \/>\n<script type=\"application\/ld+json\" class=\"yoast-schema-graph\">{\"@context\":\"https:\\\/\\\/schema.org\",\"@graph\":[{\"@type\":\"WebPage\",\"@id\":\"https:\\\/\\\/www.fallerfinance.com\\\/de\\\/sarah-ameurlaine\\\/\",\"url\":\"https:\\\/\\\/www.fallerfinance.com\\\/de\\\/sarah-ameurlaine\\\/\",\"name\":\"Sarah AMEURLAINE - Faller Finance\",\"isPartOf\":{\"@id\":\"https:\\\/\\\/www.fallerfinance.com\\\/de\\\/#website\"},\"datePublished\":\"2025-10-26T09:36:26+00:00\",\"dateModified\":\"2025-11-02T10:22:48+00:00\",\"breadcrumb\":{\"@id\":\"https:\\\/\\\/www.fallerfinance.com\\\/de\\\/sarah-ameurlaine\\\/#breadcrumb\"},\"inLanguage\":\"de\",\"potentialAction\":[{\"@type\":\"ReadAction\",\"target\":[\"https:\\\/\\\/www.fallerfinance.com\\\/de\\\/sarah-ameurlaine\\\/\"]}]},{\"@type\":\"BreadcrumbList\",\"@id\":\"https:\\\/\\\/www.fallerfinance.com\\\/de\\\/sarah-ameurlaine\\\/#breadcrumb\",\"itemListElement\":[{\"@type\":\"ListItem\",\"position\":1,\"name\":\"Startseite\",\"item\":\"https:\\\/\\\/www.fallerfinance.com\\\/de\\\/\"},{\"@type\":\"ListItem\",\"position\":2,\"name\":\"Sarah AMEURLAINE\"}]},{\"@type\":\"WebSite\",\"@id\":\"https:\\\/\\\/www.fallerfinance.com\\\/de\\\/#website\",\"url\":\"https:\\\/\\\/www.fallerfinance.com\\\/de\\\/\",\"name\":\"Faller Finance\",\"description\":\"\",\"potentialAction\":[{\"@type\":\"SearchAction\",\"target\":{\"@type\":\"EntryPoint\",\"urlTemplate\":\"https:\\\/\\\/www.fallerfinance.com\\\/de\\\/?s={search_term_string}\"},\"query-input\":{\"@type\":\"PropertyValueSpecification\",\"valueRequired\":true,\"valueName\":\"search_term_string\"}}],\"inLanguage\":\"de\"}]}<\/script>\n<!-- \/ Yoast SEO plugin. -->","yoast_head_json":{"title":"Sarah AMEURLAINE - Faller Finance","robots":{"index":"index","follow":"follow","max-snippet":"max-snippet:-1","max-image-preview":"max-image-preview:large","max-video-preview":"max-video-preview:-1"},"canonical":"https:\/\/www.fallerfinance.com\/de\/sarah-ameurlaine\/","og_locale":"de_DE","og_type":"article","og_title":"Sarah AMEURLAINE - Faller Finance","og_description":"Sarah AMEURLAINE Leiterin Marketing und Kommunikation \ud83d\udccd FrankfurtSarah AMEURLAINE Leiterin Marketing und Kommunikation www.boinot-finances.comIch steigere die Sichtbarkeit von Faller Finance bei franz\u00f6sischen Expats in Deutschland, indem ich die Kommunikation und die Content-Erstellung steuere. Meine Aufgabe ist es, unsere Bekanntheit zu st\u00e4rken und neue qualifizierte Kunden zu gewinnen.Spezialgebiete \/ Fachgebiete Marketingstrategie und digitale Kommunikation Content-Erstellung und Storytelling Webprojektmanagement und soziale Medien Digitale Akquise und Kundengewinnung Beruflicher Werdegang \/ Abschl\u00fcsse: Nach mehreren Erfahrungen im digitalen Marketing und in der Kommunikation bin ich zu Faller Finance gekommen, um meine F\u00e4higkeiten in den Dienst eines menschlichen Projekts zu stellen, das auf Vertrauen und Transparenz basiert. Ich habe eine Ausbildung im Bereich Marketing und Kommunikationsstrategie absolviert, kombiniert mit einer nat\u00fcrlichen Affinit\u00e4t f\u00fcr Design und Innovation. \u00dcber uns Ich bin leidenschaftlich an Malerei, Videospielen und Tieren interessiert. Diese Aktivit\u00e4ten n\u00e4hren sowohl meine Kreativit\u00e4t als auch meinen Sinn f\u00fcr Neugier. Sie helfen mir, ein Gleichgewicht zwischen Pr\u00e4zision und Vorstellungskraft zu bewahren. Wie ich Ihnen helfen kann Klarere, regelm\u00e4\u00dfigere und zug\u00e4nglichere Inhalte bereitstellen Visuelle Elemente hinzuf\u00fcgen, um das Verst\u00e4ndnis zu erleichtern Die Benutzererfahrung verbessern I drink and I know things. Tyrion Lannister (Game [&hellip;]","og_url":"https:\/\/www.fallerfinance.com\/de\/sarah-ameurlaine\/","og_site_name":"Faller Finance","article_modified_time":"2025-11-02T10:22:48+00:00","twitter_card":"summary_large_image","twitter_misc":{"Gesch\u00e4tzte Lesezeit":"5\u00a0Minuten"},"schema":{"@context":"https:\/\/schema.org","@graph":[{"@type":"WebPage","@id":"https:\/\/www.fallerfinance.com\/de\/sarah-ameurlaine\/","url":"https:\/\/www.fallerfinance.com\/de\/sarah-ameurlaine\/","name":"Sarah AMEURLAINE - Faller Finance","isPartOf":{"@id":"https:\/\/www.fallerfinance.com\/de\/#website"},"datePublished":"2025-10-26T09:36:26+00:00","dateModified":"2025-11-02T10:22:48+00:00","breadcrumb":{"@id":"https:\/\/www.fallerfinance.com\/de\/sarah-ameurlaine\/#breadcrumb"},"inLanguage":"de","potentialAction":[{"@type":"ReadAction","target":["https:\/\/www.fallerfinance.com\/de\/sarah-ameurlaine\/"]}]},{"@type":"BreadcrumbList","@id":"https:\/\/www.fallerfinance.com\/de\/sarah-ameurlaine\/#breadcrumb","itemListElement":[{"@type":"ListItem","position":1,"name":"Startseite","item":"https:\/\/www.fallerfinance.com\/de\/"},{"@type":"ListItem","position":2,"name":"Sarah AMEURLAINE"}]},{"@type":"WebSite","@id":"https:\/\/www.fallerfinance.com\/de\/#website","url":"https:\/\/www.fallerfinance.com\/de\/","name":"Faller Finance","description":"","potentialAction":[{"@type":"SearchAction","target":{"@type":"EntryPoint","urlTemplate":"https:\/\/www.fallerfinance.com\/de\/?s={search_term_string}"},"query-input":{"@type":"PropertyValueSpecification","valueRequired":true,"valueName":"search_term_string"}}],"inLanguage":"de"}]}},"_links":{"self":[{"href":"https:\/\/www.fallerfinance.com\/de\/wp-json\/wp\/v2\/pages\/746","targetHints":{"allow":["GET"]}}],"collection":[{"href":"https:\/\/www.fallerfinance.com\/de\/wp-json\/wp\/v2\/pages"}],"about":[{"href":"https:\/\/www.fallerfinance.com\/de\/wp-json\/wp\/v2\/types\/page"}],"author":[{"embeddable":true,"href":"https:\/\/www.fallerfinance.com\/de\/wp-json\/wp\/v2\/users\/1"}],"replies":[{"embeddable":true,"href":"https:\/\/www.fallerfinance.com\/de\/wp-json\/wp\/v2\/comments?post=746"}],"version-history":[{"count":0,"href":"https:\/\/www.fallerfinance.com\/de\/wp-json\/wp\/v2\/pages\/746\/revisions"}],"wp:attachment":[{"href":"https:\/\/www.fallerfinance.com\/de\/wp-json\/wp\/v2\/media?parent=746"}],"curies":[{"name":"wp","href":"https:\/\/api.w.org\/{rel}","templated":true}]}}