{"id":703,"date":"2025-10-20T16:41:08","date_gmt":"2025-10-20T14:41:08","guid":{"rendered":"https:\/\/www.fallerfinance.com\/faq\/meine-steuern\/"},"modified":"2025-11-03T16:52:35","modified_gmt":"2025-11-03T15:52:35","slug":"meine-steuern","status":"publish","type":"page","link":"https:\/\/www.fallerfinance.com\/de\/faq\/meine-steuern\/","title":{"rendered":"Meine Steuern"},"content":{"rendered":"<p>[et_pb_section fb_built=&#8220;1&#8243; _builder_version=&#8220;4.27.4&#8243; _module_preset=&#8220;default&#8220; background_color=&#8220;#DBC078&#8243; use_background_color_gradient=&#8220;on&#8220; background_color_gradient_stops=&#8220;rgba(0,0,0,0.4) 0%|rgba(0,0,0,0.4) 100%&#8220; background_color_gradient_overlays_image=&#8220;on&#8220; background_image=&#8220;https:\/\/www.fallerfinance.com\/wp-content\/uploads\/2025\/08\/faller-finances-background-equipe.webp&#8220; parallax=&#8220;on&#8220; custom_padding=&#8220;100px|20px|80px|20px|false|true&#8220; global_colors_info=&#8220;{}&#8220; theme_builder_area=&#8220;post_content&#8220;][et_pb_row _builder_version=&#8220;4.27.4&#8243; _module_preset=&#8220;default&#8220; global_colors_info=&#8220;{}&#8220; theme_builder_area=&#8220;post_content&#8220;][et_pb_column type=&#8220;4_4&#8243; _builder_version=&#8220;4.27.4&#8243; _module_preset=&#8220;default&#8220; global_colors_info=&#8220;{}&#8220; theme_builder_area=&#8220;post_content&#8220;][et_pb_post_title meta=&#8220;off&#8220; featured_image=&#8220;off&#8220; _builder_version=&#8220;4.27.4&#8243; _module_preset=&#8220;default&#8220; title_text_color=&#8220;#FFFFFF&#8220; title_font_size=&#8220;40px&#8220; background_color=&#8220;RGBA(255,255,255,0)&#8220; text_orientation=&#8220;center&#8220; custom_margin=&#8220;||0px||false|false&#8220; global_colors_info=&#8220;{}&#8220; theme_builder_area=&#8220;post_content&#8220;][\/et_pb_post_title][dsm_breadcrumbs home_text=&#8220; &#8220; home_icon=&#8220;&#xe074;||divi||400&#8243; align=&#8220;center&#8220; _builder_version=&#8220;4.27.4&#8243; _module_preset=&#8220;default&#8220; items_text_color=&#8220;#DBC078&#8243; home_icon_text_color=&#8220;#DBC078&#8243; separators_text_color=&#8220;#DBC078&#8243; current_text_color=&#8220;#FFFFFF&#8220; custom_margin=&#8220;0px||||false|false&#8220; global_colors_info=&#8220;{}&#8220; theme_builder_area=&#8220;post_content&#8220;][\/dsm_breadcrumbs][\/et_pb_column][\/et_pb_row][\/et_pb_section][et_pb_section fb_built=&#8220;1&#8243; custom_padding_last_edited=&#8220;on|phone&#8220; _builder_version=&#8220;4.27.4&#8243; _module_preset=&#8220;default&#8220; background_color=&#8220;#15171C&#8220; custom_padding=&#8220;100px|20px|0px|20px|false|true&#8220; custom_padding_tablet=&#8220;70px||||false|true&#8220; custom_padding_phone=&#8220;50px||||false|true&#8220; global_colors_info=&#8220;{}&#8220; theme_builder_area=&#8220;post_content&#8220;][et_pb_row _builder_version=&#8220;4.27.4&#8243; _module_preset=&#8220;default&#8220; max_width=&#8220;800px&#8220; max_width_tablet=&#8220;100%&#8220; max_width_phone=&#8220;100%&#8220; max_width_last_edited=&#8220;on|desktop&#8220; global_colors_info=&#8220;{}&#8220; theme_builder_area=&#8220;post_content&#8220;][et_pb_column type=&#8220;4_4&#8243; _builder_version=&#8220;4.27.4&#8243; _module_preset=&#8220;default&#8220; global_colors_info=&#8220;{}&#8220; theme_builder_area=&#8220;post_content&#8220;][et_pb_text _builder_version=&#8220;4.27.4&#8243; _module_preset=&#8220;default&#8220; header_2_text_color=&#8220;#DBC078&#8243; header_2_font_size=&#8220;24px&#8220; hover_enabled=&#8220;0&#8243; global_colors_info=&#8220;{}&#8220; theme_builder_area=&#8220;post_content&#8220; sticky_enabled=&#8220;0&#8243;]<\/p>\n<h2>Wie funktioniert die Besteuerung f\u00fcr einen in Deutschland ans\u00e4ssigen Franzosen?<\/h2>\n<p><\/p>\n<p style=\"margin-bottom:40px;\">Sobald Sie beim Einwohnermeldeamt (Anmeldung) registriert sind, werden Sie in Deutschland steuerpflichtig. Sie werden dann auf Ihr weltweites Einkommen besteuert, mit Ausnahmen, die im deutsch-franz\u00f6sischen Doppelbesteuerungsabkommen vorgesehen sind. <\/p>\n<h2>Muss ich meine franz\u00f6sischen Eink\u00fcnfte in Deutschland deklarieren?<\/h2>\n<p><\/p>\n<p style=\"margin-bottom:40px;\">Ja, alle Ihre Eink\u00fcnfte m\u00fcssen deklariert werden. Einige (wie franz\u00f6sische Mieteinnahmen) bleiben in Frankreich steuerpflichtig, beeinflussen aber Ihren Steuersatz in Deutschland (Progressionsvorbehalt). <\/p>\n<h2>Kann ich in zwei L\u00e4ndern steuerlich ans\u00e4ssig sein?<\/h2>\n<p><\/p>\n<p style=\"margin-bottom:40px;\">Nein. Der Lebensmittelpunkt (Familie, Beruf, Hauptwohnsitz) bestimmt das Land des steuerlichen Wohnsitzes. In den meisten F\u00e4llen ist ein in Deutschland lebender Expat in Deutschland steuerlich ans\u00e4ssig.  <\/p>\n<h2>Welche Eink\u00fcnfte m\u00fcssen in Deutschland deklariert werden?<\/h2>\n<p><\/p>\n<p style=\"margin-bottom:40px;\">Alle: Geh\u00e4lter, Dividenden, Zinsen, Renten, Mieteinnahmen, Gewinne aus Kryptow\u00e4hrungen usw. Selbst im Ausland steuerbefreite Eink\u00fcnfte k\u00f6nnen Ihren Steuersatz beeinflussen. <\/p>\n<h2>Wie kann ich meine Steuern in Deutschland senken?<\/h2>\n<p><\/p>\n<p>Hier sind die wichtigsten Hebel zur Steueroptimierung f\u00fcr franz\u00f6sische Expats in Deutschland:<\/p>\n<p><\/p>\n<ul>\n<li>Basis: steuerbeg\u00fcnstigte Altersvorsorge<\/li>\n<li>Immobilienanlagen<\/li>\n<li>Riester: staatlich gef\u00f6rderte Altersvorsorge<\/li>\n<li>Gold<\/li>\n<li>Deutsche oder internationale Lebensversicherung<\/li>\n<li>SCPI<\/li>\n<li>Vorsorgevertr\u00e4ge<\/li>\n<li>Optimierung des Familienstands<\/li>\n<\/ul>\n<p><\/p>\n<p style=\"margin-bottom:40px;\">Eine gut strukturierte Strategie erm\u00f6glicht unseren Kunden, zwischen 2.000 \u20ac und 30.000 \u20ac pro Jahr zu sparen.<\/p>\n<h2>Wie optimiere ich meine Steuern, wenn ich verheiratet bin?<\/h2>\n<p><\/p>\n<p style=\"margin-bottom:40px;\">Das \u201eEhegattensplitting\u201c erm\u00f6glicht es Ehepaaren, gemeinsam zu veranlagen und die Steuer zu senken, wenn die Einkommen ungleich verteilt sind. Der Pacs wird in Deutschland nicht anerkannt. <\/p>\n<h2>Kann ich meine beruflichen Ausgaben absetzen?<\/h2>\n<p><\/p>\n<p style=\"margin-bottom:40px;\">Ja, die meisten berufsbedingten Ausgaben (Computer, Reisekosten, Weiterbildung, Berufshaftpflichtversicherung usw.) sind abzugsf\u00e4hig.<\/p>\n<h2>Kann ich meine Krankenversicherung oder meine Altersvorsorge absetzen?<\/h2>\n<p><\/p>\n<p style=\"margin-bottom:40px;\">Ja, Beitr\u00e4ge zur Kranken-, Pflege-, gesetzlichen, privaten oder Basis-Rente sind je nach Vertragsart teilweise oder vollst\u00e4ndig abzugsf\u00e4hig.<\/p>\n<h2>Wie werden meine franz\u00f6sischen Mieteinnahmen besteuert?<\/h2>\n<p><\/p>\n<p style=\"margin-bottom:40px;\">Sie bleiben in Frankreich steuerpflichtig, m\u00fcssen aber in Deutschland f\u00fcr die Berechnung des globalen Steuersatzes (Progressionsvorbehalt) deklariert werden.<\/p>\n<h2>Wie wird eine franz\u00f6sische Lebensversicherung besteuert?<\/h2>\n<p><\/p>\n<p style=\"margin-bottom:40px;\">Wenn Sie in Deutschland steuerlich ans\u00e4ssig sind, erfolgt die Besteuerung bei Auszahlung. Die Gewinne werden mit der \u201eKapitalertragsteuer\u201c (Abgeltungsteuer von 26,375 % + Kirchensteuer) besteuert. Nach 62 Jahren und 10 Vertragsjahren sind nur 50 % der Gewinne steuerpflichtig.  <\/p>\n<h2>Wie werden SCPI f\u00fcr einen deutschen Steuerpflichtigen besteuert?<\/h2>\n<p><\/p>\n<p style=\"margin-bottom:40px;\">SCPI, die Immobilien in Frankreich halten, unterliegen einer Steuer von 20 % und einem Solidarit\u00e4tszuschlag von 7,5 %. Internationale SCPI k\u00f6nnen je nach Belegenheitsland optimiert werden. Die Investition in SCPI von Deutschland aus bleibt eine der effektivsten M\u00f6glichkeiten, das Immobilienverm\u00f6gen zu diversifizieren und gleichzeitig von einem klaren Steuerrahmen zu profitieren.  <\/p>\n<h2>Wie werden Kryptow\u00e4hrungen besteuert?<\/h2>\n<p><\/p>\n<p style=\"margin-bottom:40px;\">Gewinne, die nach einer Haltedauer von 12 Monaten erzielt werden (z. B. Bitcoin), sind vollst\u00e4ndig steuerfrei. Vor 12 Monaten sind sie zu Ihrem pers\u00f6nlichen Steuersatz steuerpflichtig, gem\u00e4\u00df dem deutschen Gesetz \u00fcber private Ver\u00e4u\u00dferungsgesch\u00e4fte (\u201eprivate Ver\u00e4u\u00dferungsgesch\u00e4fte\u201c). <\/p>\n<h2>Muss ich meine franz\u00f6sischen Bankkonten deklarieren?<\/h2>\n<p><\/p>\n<p style=\"margin-bottom:40px;\">Nein, aber die erzielten Eink\u00fcnfte (Zinsen, Dividenden, Kapitalgewinne) m\u00fcssen in Deutschland deklariert werden.<\/p>\n<h2>Muss ich mein franz\u00f6sisches Livret A, LDD oder PEL deklarieren?<\/h2>\n<p><\/p>\n<p style=\"margin-bottom:40px;\">Ja, die Zinsen sind in Deutschland steuerpflichtig, mit einem Freibetrag von 1.000 \u20ac (oder 2.000 \u20ac f\u00fcr Ehepaare).<\/p>\n<h2>Muss ich eine aus Frankreich erhaltene Erbschaft deklarieren?<\/h2>\n<p><\/p>\n<p style=\"margin-bottom:40px;\">Ja, jede von einem deutschen Steuerpflichtigen erhaltene Erbschaft oder Schenkung muss deklariert werden, auch wenn die Steuer in Frankreich gezahlt wurde. Die deutsche Finanzverwaltung berechnet gegebenenfalls eine Erg\u00e4nzung gem\u00e4\u00df dem bilateralen Abkommen. <\/p>\n<h2>Wie werden aus Frankreich geerbte Lebensversicherungen besteuert?<\/h2>\n<p><\/p>\n<p style=\"margin-bottom:40px;\">Franz\u00f6sische Lebensversicherungsvertr\u00e4ge, die an einen deutschen Steuerpflichtigen \u00fcbertragen werden, flie\u00dfen in die Erbschaftsberechnung ein und m\u00fcssen dem deutschen Finanzamt gemeldet werden.<\/p>\n<h2>Wie werden Selbstst\u00e4ndige besteuert?<\/h2>\n<p><\/p>\n<p style=\"margin-bottom:40px;\">Selbstst\u00e4ndige (Status Freiberufler \/ Selbstst\u00e4ndiger) zahlen Einkommensteuer (\u201eEinkommensteuer\u201c) und, ab 24.500 \u20ac, Gewerbesteuer (\u201eGewerbesteuer\u201c), die je nach Gemeinde variiert.<\/p>\n<h2>Kann ich meine Umzugskosten im Zusammenhang mit meiner Entsendung nach Deutschland absetzen?<\/h2>\n<p><\/p>\n<p style=\"margin-bottom:40px;\">Ja, wenn sie mit einer Arbeitsaufnahme verbunden sind. Transportkosten, vor\u00fcbergehende Unterkunft, Sprach- oder Integrationskurse sind oft abzugsf\u00e4hig. <\/p>\n<h2>Was ist der Progressionsvorbehalt?<\/h2>\n<p><\/p>\n<p style=\"margin-bottom:40px;\">Bestimmte nicht direkt besteuerte Eink\u00fcnfte (Arbeitslosengeld, Elterngeld, Krankengeld) erh\u00f6hen den Steuersatz f\u00fcr andere Eink\u00fcnfte.<\/p>\n<h2>Muss ich jedes Jahr eine Steuererkl\u00e4rung abgeben?<\/h2>\n<p><\/p>\n<p style=\"margin-bottom:40px;\">Nicht immer: Wenn Sie Angestellter ohne weitere Einkommensquelle sind, ist sie nicht verpflichtend. Sie ist aber sehr oft vorteilhaft, um zu viel gezahlte Steuern zur\u00fcckzuerhalten. Ein Berater ist genau daf\u00fcr da, um zu verhindern, dass Sie durch den Quellensteuerabzug zu viele Geschenke machen.  <\/p>\n<h2>Welche Fristen gelten f\u00fcr die Steuererkl\u00e4rung?<\/h2>\n<p><\/p>\n<p style=\"margin-bottom:40px;\">Ende Juli f\u00fcr Privatpersonen, Ende Oktober f\u00fcr diejenigen, die einen Steuerberater (\u201eSteuerberater\u201c) beauftragen. Bei Versp\u00e4tung fallen Strafgeb\u00fchren von 0,25 % pro Monat an (mindestens 25 \u20ac). <\/p>\n<h2>Wie erhalte ich eine deutsche Steuer-ID (Steuer-Identifikationsnummer)?<\/h2>\n<p><\/p>\n<p style=\"margin-bottom:40px;\">Sie wird automatisch nach Ihrer Anmeldung (\u201eAnmeldung\u201c) vergeben und innerhalb von 15 Tagen per Post zugesandt.<\/p>\n<h2>Was ist der Unterschied zwischen der Steuer-ID und der Steuernummer?<\/h2>\n<p><\/p>\n<p>Beide sind deutsche Steuernummern, haben aber unterschiedliche Funktionen:<\/p>\n<p><\/p>\n<ul>\n<li>Die Steuer-ID (Identifikationsnummer) ist Ihre pers\u00f6nliche und dauerhafte Steuernummer.<\/li>\n<li>Sie bleibt Ihr ganzes Leben lang dieselbe, auch wenn Sie die Stadt oder den Arbeitgeber wechseln.<\/li>\n<li>Die Steuernummer ist die vom Finanzamt vergebene Nummer f\u00fcr Steuererkl\u00e4rungen, insbesondere f\u00fcr Selbstst\u00e4ndige oder Eigent\u00fcmer.<\/li>\n<\/ul>\n<p><\/p>\n<p style=\"margin-bottom:40px;\">\n<h2>Wie werden franz\u00f6sische Eink\u00fcnfte aus Aktien oder Dividenden besteuert?<\/h2>\n<p><\/p>\n<p style=\"margin-bottom:40px;\">Franz\u00f6sische Dividenden, die von einem deutschen Steuerpflichtigen bezogen werden, werden in Deutschland \u00fcber die Kapitalertragsteuer (25 %) besteuert. Eine Steuergutschrift vermeidet die Doppelbesteuerung gem\u00e4\u00df dem deutsch-franz\u00f6sischen Doppelbesteuerungsabkommen. <\/p>\n<h2>Wie reiche ich meine Steuererkl\u00e4rung online in Deutschland ein?<\/h2>\n<p><\/p>\n<p style=\"margin-bottom:40px;\">Sie k\u00f6nnen die Erkl\u00e4rung \u00fcber ELSTER (offizielles Portal), \u00fcber eine private Software (kontaktieren Sie uns f\u00fcr Rabatte) oder \u00fcber einen Steuerberater (Steuerberater) einreichen. Die Erkl\u00e4rung ist in der Regel vor dem 31. Juli des Folgejahres f\u00e4llig. <\/p>\n<h2>Wie werden Schenkungen zwischen Eltern und Kindern in Deutschland besteuert?<\/h2>\n<p><\/p>\n<p style=\"margin-bottom:40px;\">Jedes Kind profitiert von einer Steuerbefreiung bis zu 400.000 \u20ac alle 10 Jahre. Dar\u00fcber hinaus variiert die Besteuerung je nach Verwandtschaftsgrad und \u00fcbertragenem Betrag. <\/p>\n<h2>Wie kann Faller Finance mir helfen?<\/h2>\n<p><\/p>\n<p>Faller Finance hilft Expats, eine personalisierte Steuerstrategie zu strukturieren, die Steuerlast zu reduzieren und eine nachhaltige finanzielle Unabh\u00e4ngigkeit aufzubauen.<\/p>\n<p><\/p>\n<p style=\"margin-bottom:40px;\">Dank eines Netzwerks deutsch-franz\u00f6sischer Steuerberater optimieren wir Ihre Anlagen, Ihre Altersvorsorge und Ihre grenz\u00fcberschreitende Besteuerung koh\u00e4rent und nachhaltig.<\/p>\n<p>[\/et_pb_text][\/et_pb_column][\/et_pb_row][\/et_pb_section]<\/p>\n","protected":false},"excerpt":{"rendered":"<p><div class=\"et_pb_module dsm_breadcrumbs dsm_breadcrumbs_0\">\n\t\t\t\t\n\t\t\t\t\n\t\t\t\t\n\t\t\t\t\n\t\t\t\t\n\t\t\t\t\n\t\t\t\t<div class=\"et_pb_module_inner\">\n\t\t\t\t\t<nav class=\"dsm_breadcrumbs_wrap\">\n\t\t\t\t<ul class=\"dsm_breadcrumbs\" itemscope itemtype=\"https:\/\/schema.org\/BreadcrumbList\">\t\t\t<li class=\"dsm_breadcrumbs_item dsm_home_item dsm_home_item_custom\" itemprop=\"itemListElement\" itemscope\n\t\t\titemtype=\"https:\/\/schema.org\/ListItem\">\n\t\t\t\t<a href=\"https:\/\/www.fallerfinance.com\/de\/\" itemprop=\"item\" target=\"\">\n\t\t\t\t\t<span class='dsm_home_text_wrapper'>\n\t\t\t\t\t\t\t\t\t\t\t\t\t<span class=\"et-pb-icon dsm_home_icon\">&#xe074;<\/span>\n\t\t\t\t\t\t\t\t\t\t\t\t\t<span class=\"dsm_home_text\" itemprop=\"name\">\n\t\t\t\t\t\t\t\t \t\t\t\t\t\t\t<\/span>\n\t\t\t\t\t<\/span>\n\t\t\t\t<\/a>\n\t\t\t\t<meta itemprop=\"position\" content=\"1\" \/>\n\t\t\t<\/li>\n\n\t\t<li class=\"dsm_breadcrumbs_separator\"> <span class=\"et-pb-icon dsm_separator_icon\">5<\/span><\/li><\/ul>\n\t\t\t<\/nav>\n\t\t\t\t<\/div>\n\t\t\t<\/div>Wie funktioniert die Besteuerung f\u00fcr einen in Deutschland ans\u00e4ssigen Franzosen?Sobald Sie beim Einwohnermeldeamt (Anmeldung) registriert sind, werden Sie in Deutschland steuerpflichtig. Sie werden dann auf Ihr weltweites Einkommen besteuert, mit Ausnahmen, die im deutsch-franz\u00f6sischen Doppelbesteuerungsabkommen vorgesehen sind. Muss ich meine franz\u00f6sischen Eink\u00fcnfte in Deutschland deklarieren?Ja, alle Ihre Eink\u00fcnfte m\u00fcssen deklariert werden. Einige (wie franz\u00f6sische Mieteinnahmen) bleiben in Frankreich steuerpflichtig, beeinflussen aber Ihren Steuersatz in Deutschland (Progressionsvorbehalt). Kann ich in zwei L\u00e4ndern steuerlich ans\u00e4ssig sein?Nein. Der Lebensmittelpunkt (Familie, Beruf, Hauptwohnsitz) bestimmt das Land des steuerlichen Wohnsitzes. In den meisten F\u00e4llen ist ein in Deutschland lebender Expat in Deutschland steuerlich ans\u00e4ssig. Welche Eink\u00fcnfte m\u00fcssen in Deutschland deklariert werden?Alle: Geh\u00e4lter, Dividenden, Zinsen, Renten, Mieteinnahmen, Gewinne aus Kryptow\u00e4hrungen usw. Selbst im Ausland steuerbefreite Eink\u00fcnfte k\u00f6nnen Ihren Steuersatz beeinflussen. Wie kann ich meine Steuern in Deutschland senken?Hier sind die wichtigsten Hebel zur Steueroptimierung f\u00fcr franz\u00f6sische Expats in Deutschland: Basis: steuerbeg\u00fcnstigte Altersvorsorge Immobilienanlagen Riester: staatlich gef\u00f6rderte Altersvorsorge Gold Deutsche oder internationale Lebensversicherung SCPI Vorsorgevertr\u00e4ge Optimierung des Familienstands Eine gut strukturierte Strategie erm\u00f6glicht unseren Kunden, zwischen 2.000 \u20ac und 30.000 \u20ac pro Jahr zu sparen.Wie optimiere ich meine Steuern, wenn ich verheiratet bin?Das \u201eEhegattensplitting\u201c [&hellip;]<\/p>\n","protected":false},"author":1,"featured_media":0,"parent":652,"menu_order":0,"comment_status":"closed","ping_status":"closed","template":"","meta":{"_et_pb_use_builder":"on","_et_pb_old_content":"","_et_gb_content_width":"","footnotes":""},"class_list":["post-703","page","type-page","status-publish","hentry"],"yoast_head":"<!-- This site is optimized with the Yoast SEO plugin v27.5 - https:\/\/yoast.com\/product\/yoast-seo-wordpress\/ -->\n<title>Steuern in Deutschland \u2013 Fallstricke &amp; L\u00f6sungen | Faller Finance<\/title>\n<meta name=\"description\" content=\"Steuern in Deutschland: Erkl\u00e4rung, Doppelbesteuerung Frankreich-Deutschland\u2026 Tipps zur Vermeidung von Fallstricken und zur Optimierung Ihrer Expat-Situation.\" \/>\n<meta name=\"robots\" content=\"index, follow, max-snippet:-1, max-image-preview:large, max-video-preview:-1\" \/>\n<link rel=\"canonical\" href=\"https:\/\/www.fallerfinance.com\/de\/faq\/meine-steuern\/\" \/>\n<meta property=\"og:locale\" content=\"de_DE\" \/>\n<meta property=\"og:type\" content=\"article\" \/>\n<meta property=\"og:title\" content=\"Steuern in Deutschland \u2013 Fallstricke &amp; L\u00f6sungen | Faller Finance\" \/>\n<meta property=\"og:description\" content=\"Steuern in Deutschland: Erkl\u00e4rung, Doppelbesteuerung Frankreich-Deutschland\u2026 Tipps zur Vermeidung von Fallstricken und zur Optimierung Ihrer Expat-Situation.\" \/>\n<meta property=\"og:url\" content=\"https:\/\/www.fallerfinance.com\/de\/faq\/meine-steuern\/\" \/>\n<meta property=\"og:site_name\" content=\"Faller Finance\" \/>\n<meta property=\"article:modified_time\" content=\"2025-11-03T15:52:35+00:00\" \/>\n<meta name=\"twitter:card\" content=\"summary_large_image\" \/>\n<meta name=\"twitter:label1\" content=\"Gesch\u00e4tzte Lesezeit\" \/>\n\t<meta name=\"twitter:data1\" content=\"7\u00a0Minuten\" \/>\n<script type=\"application\/ld+json\" class=\"yoast-schema-graph\">{\"@context\":\"https:\\\/\\\/schema.org\",\"@graph\":[{\"@type\":\"WebPage\",\"@id\":\"https:\\\/\\\/www.fallerfinance.com\\\/de\\\/faq\\\/meine-steuern\\\/\",\"url\":\"https:\\\/\\\/www.fallerfinance.com\\\/de\\\/faq\\\/meine-steuern\\\/\",\"name\":\"Steuern in Deutschland \u2013 Fallstricke & L\u00f6sungen | Faller Finance\",\"isPartOf\":{\"@id\":\"https:\\\/\\\/www.fallerfinance.com\\\/de\\\/#website\"},\"datePublished\":\"2025-10-20T14:41:08+00:00\",\"dateModified\":\"2025-11-03T15:52:35+00:00\",\"description\":\"Steuern in Deutschland: Erkl\u00e4rung, Doppelbesteuerung Frankreich-Deutschland\u2026 Tipps zur Vermeidung von Fallstricken und zur Optimierung Ihrer Expat-Situation.\",\"breadcrumb\":{\"@id\":\"https:\\\/\\\/www.fallerfinance.com\\\/de\\\/faq\\\/meine-steuern\\\/#breadcrumb\"},\"inLanguage\":\"de\",\"potentialAction\":[{\"@type\":\"ReadAction\",\"target\":[\"https:\\\/\\\/www.fallerfinance.com\\\/de\\\/faq\\\/meine-steuern\\\/\"]}]},{\"@type\":\"BreadcrumbList\",\"@id\":\"https:\\\/\\\/www.fallerfinance.com\\\/de\\\/faq\\\/meine-steuern\\\/#breadcrumb\",\"itemListElement\":[{\"@type\":\"ListItem\",\"position\":1,\"name\":\"Startseite\",\"item\":\"https:\\\/\\\/www.fallerfinance.com\\\/de\\\/\"},{\"@type\":\"ListItem\",\"position\":2,\"name\":\"FAQ\",\"item\":\"https:\\\/\\\/www.fallerfinance.com\\\/de\\\/faq\\\/\"},{\"@type\":\"ListItem\",\"position\":3,\"name\":\"Meine Steuern\"}]},{\"@type\":\"WebSite\",\"@id\":\"https:\\\/\\\/www.fallerfinance.com\\\/de\\\/#website\",\"url\":\"https:\\\/\\\/www.fallerfinance.com\\\/de\\\/\",\"name\":\"Faller Finance\",\"description\":\"\",\"potentialAction\":[{\"@type\":\"SearchAction\",\"target\":{\"@type\":\"EntryPoint\",\"urlTemplate\":\"https:\\\/\\\/www.fallerfinance.com\\\/de\\\/?s={search_term_string}\"},\"query-input\":{\"@type\":\"PropertyValueSpecification\",\"valueRequired\":true,\"valueName\":\"search_term_string\"}}],\"inLanguage\":\"de\"}]}<\/script>\n<!-- \/ Yoast SEO plugin. -->","yoast_head_json":{"title":"Steuern in Deutschland \u2013 Fallstricke & L\u00f6sungen | Faller Finance","description":"Steuern in Deutschland: Erkl\u00e4rung, Doppelbesteuerung Frankreich-Deutschland\u2026 Tipps zur Vermeidung von Fallstricken und zur Optimierung Ihrer Expat-Situation.","robots":{"index":"index","follow":"follow","max-snippet":"max-snippet:-1","max-image-preview":"max-image-preview:large","max-video-preview":"max-video-preview:-1"},"canonical":"https:\/\/www.fallerfinance.com\/de\/faq\/meine-steuern\/","og_locale":"de_DE","og_type":"article","og_title":"Steuern in Deutschland \u2013 Fallstricke & L\u00f6sungen | Faller Finance","og_description":"Steuern in Deutschland: Erkl\u00e4rung, Doppelbesteuerung Frankreich-Deutschland\u2026 Tipps zur Vermeidung von Fallstricken und zur Optimierung Ihrer Expat-Situation.","og_url":"https:\/\/www.fallerfinance.com\/de\/faq\/meine-steuern\/","og_site_name":"Faller Finance","article_modified_time":"2025-11-03T15:52:35+00:00","twitter_card":"summary_large_image","twitter_misc":{"Gesch\u00e4tzte Lesezeit":"7\u00a0Minuten"},"schema":{"@context":"https:\/\/schema.org","@graph":[{"@type":"WebPage","@id":"https:\/\/www.fallerfinance.com\/de\/faq\/meine-steuern\/","url":"https:\/\/www.fallerfinance.com\/de\/faq\/meine-steuern\/","name":"Steuern in Deutschland \u2013 Fallstricke & L\u00f6sungen | Faller Finance","isPartOf":{"@id":"https:\/\/www.fallerfinance.com\/de\/#website"},"datePublished":"2025-10-20T14:41:08+00:00","dateModified":"2025-11-03T15:52:35+00:00","description":"Steuern in Deutschland: Erkl\u00e4rung, Doppelbesteuerung Frankreich-Deutschland\u2026 Tipps zur Vermeidung von Fallstricken und zur Optimierung Ihrer Expat-Situation.","breadcrumb":{"@id":"https:\/\/www.fallerfinance.com\/de\/faq\/meine-steuern\/#breadcrumb"},"inLanguage":"de","potentialAction":[{"@type":"ReadAction","target":["https:\/\/www.fallerfinance.com\/de\/faq\/meine-steuern\/"]}]},{"@type":"BreadcrumbList","@id":"https:\/\/www.fallerfinance.com\/de\/faq\/meine-steuern\/#breadcrumb","itemListElement":[{"@type":"ListItem","position":1,"name":"Startseite","item":"https:\/\/www.fallerfinance.com\/de\/"},{"@type":"ListItem","position":2,"name":"FAQ","item":"https:\/\/www.fallerfinance.com\/de\/faq\/"},{"@type":"ListItem","position":3,"name":"Meine Steuern"}]},{"@type":"WebSite","@id":"https:\/\/www.fallerfinance.com\/de\/#website","url":"https:\/\/www.fallerfinance.com\/de\/","name":"Faller Finance","description":"","potentialAction":[{"@type":"SearchAction","target":{"@type":"EntryPoint","urlTemplate":"https:\/\/www.fallerfinance.com\/de\/?s={search_term_string}"},"query-input":{"@type":"PropertyValueSpecification","valueRequired":true,"valueName":"search_term_string"}}],"inLanguage":"de"}]}},"_links":{"self":[{"href":"https:\/\/www.fallerfinance.com\/de\/wp-json\/wp\/v2\/pages\/703","targetHints":{"allow":["GET"]}}],"collection":[{"href":"https:\/\/www.fallerfinance.com\/de\/wp-json\/wp\/v2\/pages"}],"about":[{"href":"https:\/\/www.fallerfinance.com\/de\/wp-json\/wp\/v2\/types\/page"}],"author":[{"embeddable":true,"href":"https:\/\/www.fallerfinance.com\/de\/wp-json\/wp\/v2\/users\/1"}],"replies":[{"embeddable":true,"href":"https:\/\/www.fallerfinance.com\/de\/wp-json\/wp\/v2\/comments?post=703"}],"version-history":[{"count":0,"href":"https:\/\/www.fallerfinance.com\/de\/wp-json\/wp\/v2\/pages\/703\/revisions"}],"up":[{"embeddable":true,"href":"https:\/\/www.fallerfinance.com\/de\/wp-json\/wp\/v2\/pages\/652"}],"wp:attachment":[{"href":"https:\/\/www.fallerfinance.com\/de\/wp-json\/wp\/v2\/media?parent=703"}],"curies":[{"name":"wp","href":"https:\/\/api.w.org\/{rel}","templated":true}]}}